{"id":889,"date":"2025-11-25T09:18:56","date_gmt":"2025-11-25T09:18:56","guid":{"rendered":"https:\/\/test-gallerie.croque-studio.com\/test-galerie\/?page_id=889"},"modified":"2026-01-27T15:17:00","modified_gmt":"2026-01-27T15:17:00","slug":"elementor-889","status":"publish","type":"page","link":"https:\/\/test-gallerie.croque-studio.com\/test-galerie\/elementor-889\/","title":{"rendered":"Kaktovic"},"content":{"rendered":"\t\t<div data-elementor-type=\"wp-page\" data-elementor-id=\"889\" class=\"elementor elementor-889\" data-elementor-post-type=\"page\">\n\t\t\t\t<div class=\"elementor-element elementor-element-7d974024 e-flex e-con-boxed e-con e-parent\" data-id=\"7d974024\" data-element_type=\"container\">\n\t\t\t\t\t<div class=\"e-con-inner\">\n\t\t<div class=\"elementor-element elementor-element-2f8c34b8 e-con-full e-flex e-con e-child\" data-id=\"2f8c34b8\" data-element_type=\"container\">\n\t\t\t\t<div class=\"elementor-element elementor-element-6705514f elementor-widget elementor-widget-tp-navigation-menu-lite\" data-id=\"6705514f\" data-element_type=\"widget\" data-widget_type=\"tp-navigation-menu-lite.default\">\n\t\t\t\t\t\n\t\t<div class=\"plus-navigation-wrap text-left nav-menu69e392c3ecb9c\">\n\t\t\t<div class=\"plus-navigation-inner menu-click main-menu-indicator-style-1 sub-menu-indicator-style-1 \"  data-menu_transition=\"style-1\">\n\t\t\t\t<div id=\"theplus-navigation-normal-menu\" class=\"collapse navbar-collapse navbar-ex1-collapse\">\n\t\n\t\t\t\t\t<div class=\"plus-navigation-menu menu-vertical\">\n\t\t\t\t\t\t\n\t\t\t\t\t\t<div class=\"plus-navigation-menu menu-vertical\"><ul id=\"menu-menu\" class=\"nav navbar-nav yamm menu-hover-none\"><li id=\"menu-item-188\" class=\"menu-item menu-item-type-custom menu-item-object-custom menu-item-home animate-dropdown menu-item-188\" ><a title=\"Bienvenue\" href=\"https:\/\/test-gallerie.croque-studio.com\/test-galerie\/\" data-text=\"Bienvenue\">Bienvenue<\/a><\/li>\n<li id=\"menu-item-196\" class=\"menu-item menu-item-type-custom menu-item-object-custom menu-item-home menu-item-has-children animate-dropdown menu-item-196 depth-0 dropdown\" ><a title=\"Mes images\" href=\"https:\/\/test-gallerie.croque-studio.com\/test-galerie\/\" class=\"dropdown-toggle\" aria-haspopup=\"true\" data-text=\"Mes images\">Mes images<\/a>\n<ul role=\"menu\" class=\" dropdown-menu\">\n\t<li id=\"menu-item-194\" class=\"menu-item menu-item-type-post_type menu-item-object-page animate-dropdown menu-item-194\" ><a title=\"oursitudes\" href=\"https:\/\/test-gallerie.croque-studio.com\/test-galerie\/gallerie1\/\" data-text=\"oursitudes\">oursitudes<\/a><\/li>\n\t<li id=\"menu-item-189\" class=\"menu-item menu-item-type-post_type menu-item-object-page animate-dropdown menu-item-189\" ><a title=\"f\u00e9linades\" href=\"https:\/\/test-gallerie.croque-studio.com\/test-galerie\/galerie-felinades\/\" data-text=\"f\u00e9linades\">f\u00e9linades<\/a><\/li>\n\t<li id=\"menu-item-195\" class=\"menu-item menu-item-type-custom menu-item-object-custom menu-item-has-children animate-dropdown menu-item-195 depth-1 dropdown-submenu\" ><a title=\"primatitudes\" href=\"https:\/\/test-gallerie.croque-studio.com\/test-galerie\/galerie-primatitudes-afrique\/\" data-text=\"primatitudes\">primatitudes<\/a>\n\t<ul role=\"menu\" class=\" dropdown-menu\">\n\t\t<li id=\"menu-item-190\" class=\"menu-item menu-item-type-post_type menu-item-object-page animate-dropdown menu-item-190\" ><a title=\"africains\" href=\"https:\/\/test-gallerie.croque-studio.com\/test-galerie\/galerie-primatitudes-afrique\/\" data-text=\"africains\">africains<\/a><\/li>\n\t\t<li id=\"menu-item-192\" class=\"menu-item menu-item-type-post_type menu-item-object-page animate-dropdown menu-item-192\" ><a title=\"asiatiques\" href=\"https:\/\/test-gallerie.croque-studio.com\/test-galerie\/galerie-primatitudes-asie\/\" data-text=\"asiatiques\">asiatiques<\/a><\/li>\n\t\t<li id=\"menu-item-193\" class=\"menu-item menu-item-type-post_type menu-item-object-page animate-dropdown menu-item-193\" ><a title=\"japonais\" href=\"https:\/\/test-gallerie.croque-studio.com\/test-galerie\/galerie-primatitudes-japon\/\" data-text=\"japonais\">japonais<\/a><\/li>\n\t\t<li id=\"menu-item-191\" class=\"menu-item menu-item-type-post_type menu-item-object-page animate-dropdown menu-item-191\" ><a title=\"sud-am\u00e9ricains\" href=\"https:\/\/test-gallerie.croque-studio.com\/test-galerie\/galerie-primatitudes-amerique-sud\/\" data-text=\"sud-am\u00e9ricains\">sud-am\u00e9ricains<\/a><\/li>\n\t<\/ul>\n<\/li>\n\t<li id=\"menu-item-855\" class=\"menu-item menu-item-type-post_type menu-item-object-page animate-dropdown menu-item-855\" ><a title=\"Sauvages et innocents\" href=\"https:\/\/test-gallerie.croque-studio.com\/test-galerie\/sauvages-et-innocents\/\" data-text=\"Sauvages et innocents\">Sauvages et innocents<\/a><\/li>\n\t<li id=\"menu-item-854\" class=\"menu-item menu-item-type-post_type menu-item-object-page animate-dropdown menu-item-854\" ><a title=\"Nocturne\" href=\"https:\/\/test-gallerie.croque-studio.com\/test-galerie\/elementor-page-619\/\" data-text=\"Nocturne\">Nocturne<\/a><\/li>\n\t<li id=\"menu-item-853\" class=\"menu-item menu-item-type-post_type menu-item-object-page animate-dropdown menu-item-853\" ><a title=\"Poussiere\" href=\"https:\/\/test-gallerie.croque-studio.com\/test-galerie\/elementor-page-633\/\" data-text=\"Poussiere\">Poussiere<\/a><\/li>\n\t<li id=\"menu-item-852\" class=\"menu-item menu-item-type-post_type menu-item-object-page animate-dropdown menu-item-852\" ><a title=\"Regards\" href=\"https:\/\/test-gallerie.croque-studio.com\/test-galerie\/elementor-page-656\/\" data-text=\"Regards\">Regards<\/a><\/li>\n\t<li id=\"menu-item-851\" class=\"menu-item menu-item-type-post_type menu-item-object-page animate-dropdown menu-item-851\" ><a title=\"Grafic\" href=\"https:\/\/test-gallerie.croque-studio.com\/test-galerie\/grafic\/\" data-text=\"Grafic\">Grafic<\/a><\/li>\n\t<li id=\"menu-item-850\" class=\"menu-item menu-item-type-post_type menu-item-object-page animate-dropdown menu-item-850\" ><a title=\"Tendresse\" href=\"https:\/\/test-gallerie.croque-studio.com\/test-galerie\/tendresse\/\" data-text=\"Tendresse\">Tendresse<\/a><\/li>\n\t<li id=\"menu-item-849\" class=\"menu-item menu-item-type-post_type menu-item-object-page animate-dropdown menu-item-849\" ><a title=\"Tout Pr\u00e8s\" href=\"https:\/\/test-gallerie.croque-studio.com\/test-galerie\/elementor-page-760\/\" data-text=\"Tout Pr\u00e8s\">Tout Pr\u00e8s<\/a><\/li>\n\t<li id=\"menu-item-847\" class=\"menu-item menu-item-type-post_type menu-item-object-page animate-dropdown menu-item-847\" ><a title=\"Femmes\" href=\"https:\/\/test-gallerie.croque-studio.com\/test-galerie\/elementor-page-719\/\" data-text=\"Femmes\">Femmes<\/a><\/li>\n\t<li id=\"menu-item-848\" class=\"menu-item menu-item-type-post_type menu-item-object-page animate-dropdown menu-item-848\" ><a title=\"Vestiges\" href=\"https:\/\/test-gallerie.croque-studio.com\/test-galerie\/elementor-page-799\/\" data-text=\"Vestiges\">Vestiges<\/a><\/li>\n<\/ul>\n<\/li>\n<li id=\"menu-item-1067\" class=\"menu-item menu-item-type-custom menu-item-object-custom menu-item-has-children animate-dropdown menu-item-1067 depth-0 dropdown\" ><a title=\"Livres\" href=\"https:\/\/test-gallerie.croque-studio.com\/test-galerie\/kaktovic\/\" class=\"dropdown-toggle\" aria-haspopup=\"true\" data-text=\"Livres\">Livres<\/a>\n<ul role=\"menu\" class=\" dropdown-menu\">\n\t<li id=\"menu-item-1072\" class=\"menu-item menu-item-type-post_type menu-item-object-page animate-dropdown menu-item-1072\" ><a title=\"Kaktovic\" href=\"https:\/\/test-gallerie.croque-studio.com\/test-galerie\/elementor-889\/\" data-text=\"Kaktovic\">Kaktovic<\/a><\/li>\n\t<li id=\"menu-item-1071\" class=\"menu-item menu-item-type-post_type menu-item-object-page animate-dropdown menu-item-1071\" ><a title=\"Primate-itudes\" href=\"https:\/\/test-gallerie.croque-studio.com\/test-galerie\/primate-itudes\/\" data-text=\"Primate-itudes\">Primate-itudes<\/a><\/li>\n\t<li id=\"menu-item-1070\" class=\"menu-item menu-item-type-post_type menu-item-object-page animate-dropdown menu-item-1070\" ><a title=\"Oursitudes\" href=\"https:\/\/test-gallerie.croque-studio.com\/test-galerie\/oursitudes\/\" data-text=\"Oursitudes\">Oursitudes<\/a><\/li>\n\t<li id=\"menu-item-1069\" class=\"menu-item menu-item-type-post_type menu-item-object-page animate-dropdown menu-item-1069\" ><a title=\"Le Cri\" href=\"https:\/\/test-gallerie.croque-studio.com\/test-galerie\/le-cri\/\" data-text=\"Le Cri\">Le Cri<\/a><\/li>\n\t<li id=\"menu-item-1068\" class=\"menu-item menu-item-type-post_type menu-item-object-page animate-dropdown menu-item-1068\" ><a title=\"Zig Zag\" href=\"https:\/\/test-gallerie.croque-studio.com\/test-galerie\/zig-zag\/\" data-text=\"Zig Zag\">Zig Zag<\/a><\/li>\n\t<li id=\"menu-item-1076\" class=\"menu-item menu-item-type-post_type menu-item-object-page animate-dropdown menu-item-1076\" ><a title=\"Catalogue\" href=\"https:\/\/test-gallerie.croque-studio.com\/test-galerie\/elementor-page-1055\/\" data-text=\"Catalogue\">Catalogue<\/a><\/li>\n<\/ul>\n<\/li>\n<li id=\"menu-item-1172\" class=\"menu-item menu-item-type-post_type menu-item-object-page menu-item-has-children animate-dropdown menu-item-1172 depth-0 dropdown\" ><a title=\"Sabine Trensz\" href=\"https:\/\/test-gallerie.croque-studio.com\/test-galerie\/sabine-trensz\/\" class=\"dropdown-toggle\" aria-haspopup=\"true\" data-text=\"Sabine Trensz\">Sabine Trensz<\/a>\n<ul role=\"menu\" class=\" dropdown-menu\">\n\t<li id=\"menu-item-1171\" class=\"menu-item menu-item-type-post_type menu-item-object-page animate-dropdown menu-item-1171\" ><a title=\"Revue de presse\" href=\"https:\/\/test-gallerie.croque-studio.com\/test-galerie\/revue-de-presse\/\" data-text=\"Revue de presse\">Revue de presse<\/a><\/li>\n\t<li id=\"menu-item-1170\" class=\"menu-item menu-item-type-post_type menu-item-object-page animate-dropdown menu-item-1170\" ><a title=\"Livre d\u2019or\" href=\"https:\/\/test-gallerie.croque-studio.com\/test-galerie\/elementor-page-1107\/\" data-text=\"Livre d\u2019or\">Livre d\u2019or<\/a><\/li>\n\t<li id=\"menu-item-1169\" class=\"menu-item menu-item-type-post_type menu-item-object-page animate-dropdown menu-item-1169\" ><a title=\"Interventions\" href=\"https:\/\/test-gallerie.croque-studio.com\/test-galerie\/interventions\/\" data-text=\"Interventions\">Interventions<\/a><\/li>\n<\/ul>\n<\/li>\n<li id=\"menu-item-1174\" class=\"menu-item menu-item-type-post_type menu-item-object-page animate-dropdown menu-item-1174\" ><a title=\"M\u00e9dias\" href=\"https:\/\/test-gallerie.croque-studio.com\/test-galerie\/presse\/\" data-text=\"M\u00e9dias\">M\u00e9dias<\/a><\/li>\n<li id=\"menu-item-1173\" class=\"menu-item menu-item-type-post_type menu-item-object-page animate-dropdown menu-item-1173\" ><a title=\"Contactez-moi\" href=\"https:\/\/test-gallerie.croque-studio.com\/test-galerie\/elementor-page-1145\/\" data-text=\"Contactez-moi\">Contactez-moi<\/a><\/li>\n<\/ul><\/div>\t\t\t\t\t<\/div>\n\t\t\t\t<\/div>\n\n\t\t\t\t\t\t\t\t\n\t\t\t\t\t<div class=\"plus-mobile-nav-toggle navbar-header mobile-toggle\">\n\t\t\t\t\t\t<div class=\"mobile-plus-toggle-menu plus-collapsed toggle-style-1\" data-target=\"#plus-mobile-nav-toggle-nav-menu69e392c3ecb9c\">\n\t\t\t\t\t\t\t\t\t\t\t\t\t\t<ul class=\"toggle-lines\">\n\t\t\t\t\t\t\t\t<li class=\"toggle-line\"><\/li>\n\t\t\t\t\t\t\t\t<li class=\"toggle-line\"><\/li>\n\t\t\t\t\t\t\t<\/ul>\n\t\t\t\t\t\t\t\t\t\t\t\t\t<\/div>\n\t\t\t\t\t<\/div>\n\t\t\t\t\n\t\t\t\t\t<div id=\"plus-mobile-nav-toggle-nav-menu69e392c3ecb9c\"\n\t\t\t\t\t\tclass=\"plus-mobile-menu  collapse navbar-collapse navbar-ex1-collapse plus-mobile-menu-content \">\n\t\t\t\t\t\t\t\t\t\t\t\t\t\t\t\t\t<\/div>\n\t\t\t\t\t\t\t\t\n\t\t\t<\/div>\n\t\t<\/div>\n\t\t \n\t\t<style>@media (min-width:992px){.plus-navigation-wrap.nav-menu69e392c3ecb9c #theplus-navigation-normal-menu{display: block!important;}.plus-navigation-wrap.nav-menu69e392c3ecb9c #plus-mobile-nav-toggle-nav-menu69e392c3ecb9c.collapse.in{display:none;}}@media (max-width:991px){.plus-navigation-wrap.nav-menu69e392c3ecb9c #theplus-navigation-normal-menu{display:none !important;}.plus-navigation-wrap.nav-menu69e392c3ecb9c .plus-mobile-nav-toggle.mobile-toggle{display: -webkit-flex;display: -moz-flex;display: -ms-flex;display: flex;-webkit-align-items: center;-moz-align-items: center;-ms-align-items: center;align-items: center;-webkit-justify-content: flex-end;-moz-justify-content: flex-end;-ms-justify-content: flex-end;justify-content: flex-end;}}<\/style>\t\t\t\t<\/div>\n\t\t\t\t<\/div>\n\t\t<div class=\"elementor-element elementor-element-4b798b03 e-con-full e-flex e-con e-child\" data-id=\"4b798b03\" data-element_type=\"container\">\n\t\t<div class=\"elementor-element elementor-element-2e109ab e-con-full e-flex e-con e-child\" data-id=\"2e109ab\" data-element_type=\"container\">\n\t\t\t\t<div class=\"elementor-element elementor-element-95691ac elementor-widget elementor-widget-heading\" data-id=\"95691ac\" data-element_type=\"widget\" data-widget_type=\"heading.default\">\n\t\t\t\t\t<h2 class=\"elementor-heading-title elementor-size-default\">Kaktovic<\/h2>\t\t\t\t<\/div>\n\t\t\t\t<div class=\"elementor-element elementor-element-07e66b6 elementor-widget elementor-widget-heading\" data-id=\"07e66b6\" data-element_type=\"widget\" data-widget_type=\"heading.default\">\n\t\t\t\t\t<h2 class=\"elementor-heading-title elementor-size-default\">DES OURS ET DES HOMMES\n\n<\/h2>\t\t\t\t<\/div>\n\t\t\t\t<div class=\"elementor-element elementor-element-1654235 elementor-widget elementor-widget-text-editor\" data-id=\"1654235\" data-element_type=\"widget\" data-widget_type=\"text-editor.default\">\n\t\t\t\t\t\t\t\t\t<p>C\u2019est dans ce petit village de l\u2019extr\u00eame nord-est de l\u2019Alaska, que subsiste une poign\u00e9e de familles Inupiat Eskimo &#8230;<\/p><p>Mais les v\u00e9ritables seigneurs des lieux sont les ours polaires.<\/p><p>Ce magnifique livre de photographies t\u00e9moigne aussi du sablier du temps qui s\u2019\u00e9coule, un temps qui est compt\u00e9 pour la survivance de cet empereur du monde animal.<br \/>Jean-Luc Fournier<\/p>\t\t\t\t\t\t\t\t<\/div>\n\t\t<div class=\"elementor-element elementor-element-bb493a3 e-con-full e-flex e-con e-child\" data-id=\"bb493a3\" data-element_type=\"container\">\n\t\t<div class=\"elementor-element elementor-element-2a46f12 e-con-full e-flex e-con e-child\" data-id=\"2a46f12\" data-element_type=\"container\">\n\t\t\t\t<div class=\"elementor-element elementor-element-e2f47ef elementor-widget elementor-widget-image\" data-id=\"e2f47ef\" data-element_type=\"widget\" data-widget_type=\"image.default\">\n\t\t\t\t\t\t\t\t\t\t\t\t\t\t\t<img fetchpriority=\"high\" decoding=\"async\" width=\"800\" height=\"833\" src=\"https:\/\/test-gallerie.croque-studio.com\/test-galerie\/wp-content\/uploads\/2025\/11\/couverture_1-983x1024.png\" class=\"attachment-large size-large wp-image-901\" alt=\"\" srcset=\"https:\/\/test-gallerie.croque-studio.com\/test-galerie\/wp-content\/uploads\/2025\/11\/couverture_1-983x1024.png 983w, https:\/\/test-gallerie.croque-studio.com\/test-galerie\/wp-content\/uploads\/2025\/11\/couverture_1-288x300.png 288w, https:\/\/test-gallerie.croque-studio.com\/test-galerie\/wp-content\/uploads\/2025\/11\/couverture_1-768x800.png 768w, https:\/\/test-gallerie.croque-studio.com\/test-galerie\/wp-content\/uploads\/2025\/11\/couverture_1-1474x1536.png 1474w, https:\/\/test-gallerie.croque-studio.com\/test-galerie\/wp-content\/uploads\/2025\/11\/couverture_1.png 1890w\" sizes=\"(max-width: 800px) 100vw, 800px\" \/>\t\t\t\t\t\t\t\t\t\t\t\t\t\t\t<\/div>\n\t\t\t\t<\/div>\n\t\t<div class=\"elementor-element elementor-element-06adb57 e-con-full e-flex e-con e-child\" data-id=\"06adb57\" data-element_type=\"container\">\n\t\t\t\t<div class=\"elementor-element elementor-element-24c82af elementor-widget elementor-widget-image\" data-id=\"24c82af\" data-element_type=\"widget\" data-widget_type=\"image.default\">\n\t\t\t\t\t\t\t\t\t\t\t\t\t\t\t<img decoding=\"async\" width=\"800\" height=\"833\" src=\"https:\/\/test-gallerie.croque-studio.com\/test-galerie\/wp-content\/uploads\/2025\/11\/couverture_2-983x1024.png\" class=\"attachment-large size-large wp-image-902\" alt=\"\" srcset=\"https:\/\/test-gallerie.croque-studio.com\/test-galerie\/wp-content\/uploads\/2025\/11\/couverture_2-983x1024.png 983w, https:\/\/test-gallerie.croque-studio.com\/test-galerie\/wp-content\/uploads\/2025\/11\/couverture_2-288x300.png 288w, https:\/\/test-gallerie.croque-studio.com\/test-galerie\/wp-content\/uploads\/2025\/11\/couverture_2-768x800.png 768w, https:\/\/test-gallerie.croque-studio.com\/test-galerie\/wp-content\/uploads\/2025\/11\/couverture_2-1474x1536.png 1474w, https:\/\/test-gallerie.croque-studio.com\/test-galerie\/wp-content\/uploads\/2025\/11\/couverture_2-1966x2048.png 1966w, https:\/\/test-gallerie.croque-studio.com\/test-galerie\/wp-content\/uploads\/2025\/11\/couverture_2.png 1980w\" sizes=\"(max-width: 800px) 100vw, 800px\" \/>\t\t\t\t\t\t\t\t\t\t\t\t\t\t\t<\/div>\n\t\t\t\t<\/div>\n\t\t\t\t<\/div>\n\t\t\t\t<div class=\"elementor-element elementor-element-ba6bb7a elementor-widget elementor-widget-button\" data-id=\"ba6bb7a\" data-element_type=\"widget\" data-widget_type=\"button.default\">\n\t\t\t\t\t\t\t\t\t\t<a class=\"elementor-button elementor-button-link elementor-size-sm\" href=\"https:\/\/test-gallerie.croque-studio.com\/test-galerie\/elementor-page-1145\/\">\n\t\t\t\t\t\t<span class=\"elementor-button-content-wrapper\">\n\t\t\t\t\t\t\t\t\t<span class=\"elementor-button-text\">Commander un livre<\/span>\n\t\t\t\t\t<\/span>\n\t\t\t\t\t<\/a>\n\t\t\t\t\t\t\t\t<\/div>\n\t\t\t\t<\/div>\n\t\t\t\t<div class=\"elementor-element elementor-element-580a7f2 elementor-widget-divider--view-line elementor-widget elementor-widget-divider\" data-id=\"580a7f2\" data-element_type=\"widget\" data-widget_type=\"divider.default\">\n\t\t\t\t\t\t\t<div class=\"elementor-divider\">\n\t\t\t<span class=\"elementor-divider-separator\">\n\t\t\t\t\t\t<\/span>\n\t\t<\/div>\n\t\t\t\t\t\t<\/div>\n\t\t<div class=\"elementor-element elementor-element-4cf9542 e-con-full e-flex e-con e-child\" data-id=\"4cf9542\" data-element_type=\"container\">\n\t\t\t\t<div class=\"elementor-element elementor-element-39e4b0c elementor-widget elementor-widget-heading\" data-id=\"39e4b0c\" data-element_type=\"widget\" data-widget_type=\"heading.default\">\n\t\t\t\t\t<h2 class=\"elementor-heading-title elementor-size-default\">Quelques pages\n<\/h2>\t\t\t\t<\/div>\n\t\t\t\t<div class=\"elementor-element elementor-element-325b763 elementor-widget elementor-widget-text-editor\" data-id=\"325b763\" data-element_type=\"widget\" data-widget_type=\"text-editor.default\">\n\t\t\t\t\t\t\t\t\t<p>\u00ab Et puis, il y a toujours pour moi cet aspect bouleversant de l\u2019animal qui ne poss\u00e8de rien, sauf sa vie, que si souvent nous lui prenons.<br \/>Il y a cette immense libert\u00e9 de l\u2019animal, vivant sans plus, sa r\u00e9alit\u00e9 d\u2019\u00eatre, sans tout le faux que nous ajoutons \u00e0 la sensation d\u2019exister.<br \/>C\u2019est pourquoi la souffrance des animaux me touche \u00e0 ce point, tout comme la souffrance des enfants. \u00bb<\/p><p style=\"text-align: right;\">Marguerite Yourcenar<\/p>\t\t\t\t\t\t\t\t<\/div>\n\t\t<div class=\"elementor-element elementor-element-752fbef e-con-full e-flex e-con e-child\" data-id=\"752fbef\" data-element_type=\"container\">\n\t\t\t\t<div class=\"elementor-element elementor-element-a349250 elementor-arrows-position-outside elementor-pagination-position-outside elementor-widget elementor-widget-image-carousel\" data-id=\"a349250\" data-element_type=\"widget\" data-settings=\"{&quot;slides_to_show&quot;:&quot;1&quot;,&quot;navigation&quot;:&quot;both&quot;,&quot;autoplay&quot;:&quot;yes&quot;,&quot;pause_on_hover&quot;:&quot;yes&quot;,&quot;pause_on_interaction&quot;:&quot;yes&quot;,&quot;autoplay_speed&quot;:5000,&quot;infinite&quot;:&quot;yes&quot;,&quot;effect&quot;:&quot;slide&quot;,&quot;speed&quot;:500}\" data-widget_type=\"image-carousel.default\">\n\t\t\t\t\t\t\t<div class=\"elementor-image-carousel-wrapper swiper\" role=\"region\" aria-roledescription=\"carousel\" aria-label=\"Image Carousel\" dir=\"ltr\">\n\t\t\t<div class=\"elementor-image-carousel swiper-wrapper\" aria-live=\"off\">\n\t\t\t\t\t\t\t\t<div class=\"swiper-slide\" role=\"group\" aria-roledescription=\"slide\" aria-label=\"1 of 8\"><figure class=\"swiper-slide-inner\"><img decoding=\"async\" class=\"swiper-slide-image\" src=\"https:\/\/test-gallerie.croque-studio.com\/test-galerie\/wp-content\/uploads\/2025\/11\/1.png\" alt=\"1\" \/><\/figure><\/div><div class=\"swiper-slide\" role=\"group\" aria-roledescription=\"slide\" aria-label=\"2 of 8\"><figure class=\"swiper-slide-inner\"><img decoding=\"async\" class=\"swiper-slide-image\" src=\"https:\/\/test-gallerie.croque-studio.com\/test-galerie\/wp-content\/uploads\/2025\/11\/2.png\" alt=\"2\" \/><\/figure><\/div><div class=\"swiper-slide\" role=\"group\" aria-roledescription=\"slide\" aria-label=\"3 of 8\"><figure class=\"swiper-slide-inner\"><img decoding=\"async\" class=\"swiper-slide-image\" src=\"https:\/\/test-gallerie.croque-studio.com\/test-galerie\/wp-content\/uploads\/2025\/11\/3.png\" alt=\"3\" \/><\/figure><\/div><div class=\"swiper-slide\" role=\"group\" aria-roledescription=\"slide\" aria-label=\"4 of 8\"><figure class=\"swiper-slide-inner\"><img decoding=\"async\" class=\"swiper-slide-image\" src=\"https:\/\/test-gallerie.croque-studio.com\/test-galerie\/wp-content\/uploads\/2025\/11\/4.png\" alt=\"4\" \/><\/figure><\/div><div class=\"swiper-slide\" role=\"group\" aria-roledescription=\"slide\" aria-label=\"5 of 8\"><figure class=\"swiper-slide-inner\"><img decoding=\"async\" class=\"swiper-slide-image\" src=\"https:\/\/test-gallerie.croque-studio.com\/test-galerie\/wp-content\/uploads\/2025\/11\/5.png\" alt=\"5\" \/><\/figure><\/div><div class=\"swiper-slide\" role=\"group\" aria-roledescription=\"slide\" aria-label=\"6 of 8\"><figure class=\"swiper-slide-inner\"><img decoding=\"async\" class=\"swiper-slide-image\" src=\"https:\/\/test-gallerie.croque-studio.com\/test-galerie\/wp-content\/uploads\/2025\/11\/6.png\" alt=\"6\" \/><\/figure><\/div><div class=\"swiper-slide\" role=\"group\" aria-roledescription=\"slide\" aria-label=\"7 of 8\"><figure class=\"swiper-slide-inner\"><img decoding=\"async\" class=\"swiper-slide-image\" src=\"https:\/\/test-gallerie.croque-studio.com\/test-galerie\/wp-content\/uploads\/2025\/11\/7.png\" alt=\"7\" \/><\/figure><\/div><div class=\"swiper-slide\" role=\"group\" aria-roledescription=\"slide\" aria-label=\"8 of 8\"><figure class=\"swiper-slide-inner\"><img decoding=\"async\" class=\"swiper-slide-image\" src=\"https:\/\/test-gallerie.croque-studio.com\/test-galerie\/wp-content\/uploads\/2025\/11\/8.png\" alt=\"8\" \/><\/figure><\/div>\t\t\t<\/div>\n\t\t\t\t\t\t\t\t\t\t\t\t<div class=\"elementor-swiper-button elementor-swiper-button-prev\" role=\"button\" tabindex=\"0\">\n\t\t\t\t\t\t<svg aria-hidden=\"true\" class=\"e-font-icon-svg e-eicon-chevron-left\" viewBox=\"0 0 1000 1000\" xmlns=\"http:\/\/www.w3.org\/2000\/svg\"><path d=\"M646 125C629 125 613 133 604 142L308 442C296 454 292 471 292 487 292 504 296 521 308 533L604 854C617 867 629 875 646 875 663 875 679 871 692 858 704 846 713 829 713 812 713 796 708 779 692 767L438 487 692 225C700 217 708 204 708 187 708 171 704 154 692 142 675 129 663 125 646 125Z\"><\/path><\/svg>\t\t\t\t\t<\/div>\n\t\t\t\t\t<div class=\"elementor-swiper-button elementor-swiper-button-next\" role=\"button\" tabindex=\"0\">\n\t\t\t\t\t\t<svg aria-hidden=\"true\" class=\"e-font-icon-svg e-eicon-chevron-right\" viewBox=\"0 0 1000 1000\" xmlns=\"http:\/\/www.w3.org\/2000\/svg\"><path d=\"M696 533C708 521 713 504 713 487 713 471 708 454 696 446L400 146C388 133 375 125 354 125 338 125 325 129 313 142 300 154 292 171 292 187 292 204 296 221 308 233L563 492 304 771C292 783 288 800 288 817 288 833 296 850 308 863 321 871 338 875 354 875 371 875 388 867 400 854L696 533Z\"><\/path><\/svg>\t\t\t\t\t<\/div>\n\t\t\t\t\n\t\t\t\t\t\t\t\t\t<div class=\"swiper-pagination\"><\/div>\n\t\t\t\t\t\t\t\t\t<\/div>\n\t\t\t\t\t\t<\/div>\n\t\t\t\t<\/div>\n\t\t\t\t<\/div>\n\t\t\t\t<\/div>\n\t\t\t\t\t<\/div>\n\t\t\t\t<\/div>\n\t\t\t\t<\/div>\n\t\t","protected":false},"excerpt":{"rendered":"<p>Bienvenue Mes images oursitudes f\u00e9linades primatitudes africains asiatiques japonais sud-am\u00e9ricains Sauvages et innocents Nocturne Poussiere Regards Grafic Tendresse Tout Pr\u00e8s Femmes Vestiges Livres Kaktovic Primate-itudes Oursitudes Le Cri Zig Zag Catalogue Sabine Trensz Revue de presse Livre d\u2019or Interventions M\u00e9dias Contactez-moi Kaktovic DES OURS ET DES HOMMES C\u2019est dans ce petit village de l\u2019extr\u00eame nord-est [&hellip;]<\/p>\n","protected":false},"author":1,"featured_media":0,"parent":0,"menu_order":0,"comment_status":"closed","ping_status":"closed","template":"elementor_header_footer","meta":{"footnotes":""},"class_list":["post-889","page","type-page","status-publish","hentry"],"_links":{"self":[{"href":"https:\/\/test-gallerie.croque-studio.com\/test-galerie\/wp-json\/wp\/v2\/pages\/889","targetHints":{"allow":["GET"]}}],"collection":[{"href":"https:\/\/test-gallerie.croque-studio.com\/test-galerie\/wp-json\/wp\/v2\/pages"}],"about":[{"href":"https:\/\/test-gallerie.croque-studio.com\/test-galerie\/wp-json\/wp\/v2\/types\/page"}],"author":[{"embeddable":true,"href":"https:\/\/test-gallerie.croque-studio.com\/test-galerie\/wp-json\/wp\/v2\/users\/1"}],"replies":[{"embeddable":true,"href":"https:\/\/test-gallerie.croque-studio.com\/test-galerie\/wp-json\/wp\/v2\/comments?post=889"}],"version-history":[{"count":52,"href":"https:\/\/test-gallerie.croque-studio.com\/test-galerie\/wp-json\/wp\/v2\/pages\/889\/revisions"}],"predecessor-version":[{"id":1539,"href":"https:\/\/test-gallerie.croque-studio.com\/test-galerie\/wp-json\/wp\/v2\/pages\/889\/revisions\/1539"}],"wp:attachment":[{"href":"https:\/\/test-gallerie.croque-studio.com\/test-galerie\/wp-json\/wp\/v2\/media?parent=889"}],"curies":[{"name":"wp","href":"https:\/\/api.w.org\/{rel}","templated":true}]}}