{"id":619,"date":"2025-11-24T08:50:41","date_gmt":"2025-11-24T08:50:41","guid":{"rendered":"https:\/\/test-gallerie.croque-studio.com\/test-galerie\/?page_id=619"},"modified":"2026-01-27T15:22:20","modified_gmt":"2026-01-27T15:22:20","slug":"elementor-page-619","status":"publish","type":"page","link":"https:\/\/test-gallerie.croque-studio.com\/test-galerie\/elementor-page-619\/","title":{"rendered":"Nocturne"},"content":{"rendered":"\t\t<div data-elementor-type=\"wp-page\" data-elementor-id=\"619\" class=\"elementor elementor-619\" data-elementor-post-type=\"page\">\n\t\t\t\t<div class=\"elementor-element elementor-element-2f3ea6a5 e-flex e-con-boxed e-con e-parent\" data-id=\"2f3ea6a5\" data-element_type=\"container\">\n\t\t\t\t\t<div class=\"e-con-inner\">\n\t\t<div class=\"elementor-element elementor-element-7b04d4e0 e-con-full e-flex e-con e-child\" data-id=\"7b04d4e0\" data-element_type=\"container\">\n\t\t\t\t<div class=\"elementor-element elementor-element-24895f1f elementor-widget elementor-widget-tp-navigation-menu-lite\" data-id=\"24895f1f\" data-element_type=\"widget\" data-widget_type=\"tp-navigation-menu-lite.default\">\n\t\t\t\t\t\n\t\t<div class=\"plus-navigation-wrap text-left nav-menu69e39545231bb\">\n\t\t\t<div class=\"plus-navigation-inner menu-click main-menu-indicator-style-1 sub-menu-indicator-style-1 \"  data-menu_transition=\"style-1\">\n\t\t\t\t<div id=\"theplus-navigation-normal-menu\" class=\"collapse navbar-collapse navbar-ex1-collapse\">\n\t\n\t\t\t\t\t<div class=\"plus-navigation-menu menu-vertical\">\n\t\t\t\t\t\t\n\t\t\t\t\t\t<div class=\"plus-navigation-menu menu-vertical\"><ul id=\"menu-menu\" class=\"nav navbar-nav yamm menu-hover-none\"><li id=\"menu-item-188\" class=\"menu-item menu-item-type-custom menu-item-object-custom menu-item-home animate-dropdown menu-item-188\" ><a title=\"Bienvenue\" href=\"https:\/\/test-gallerie.croque-studio.com\/test-galerie\/\" data-text=\"Bienvenue\">Bienvenue<\/a><\/li>\n<li id=\"menu-item-196\" class=\"menu-item menu-item-type-custom menu-item-object-custom menu-item-home menu-item-has-children animate-dropdown menu-item-196 depth-0 dropdown\" ><a title=\"Mes images\" href=\"https:\/\/test-gallerie.croque-studio.com\/test-galerie\/\" class=\"dropdown-toggle\" aria-haspopup=\"true\" data-text=\"Mes images\">Mes images<\/a>\n<ul role=\"menu\" class=\" dropdown-menu\">\n\t<li id=\"menu-item-194\" class=\"menu-item menu-item-type-post_type menu-item-object-page animate-dropdown menu-item-194\" ><a title=\"oursitudes\" href=\"https:\/\/test-gallerie.croque-studio.com\/test-galerie\/gallerie1\/\" data-text=\"oursitudes\">oursitudes<\/a><\/li>\n\t<li id=\"menu-item-189\" class=\"menu-item menu-item-type-post_type menu-item-object-page animate-dropdown menu-item-189\" ><a title=\"f\u00e9linades\" href=\"https:\/\/test-gallerie.croque-studio.com\/test-galerie\/galerie-felinades\/\" data-text=\"f\u00e9linades\">f\u00e9linades<\/a><\/li>\n\t<li id=\"menu-item-195\" class=\"menu-item menu-item-type-custom menu-item-object-custom menu-item-has-children animate-dropdown menu-item-195 depth-1 dropdown-submenu\" ><a title=\"primatitudes\" href=\"https:\/\/test-gallerie.croque-studio.com\/test-galerie\/galerie-primatitudes-afrique\/\" data-text=\"primatitudes\">primatitudes<\/a>\n\t<ul role=\"menu\" class=\" dropdown-menu\">\n\t\t<li id=\"menu-item-190\" class=\"menu-item menu-item-type-post_type menu-item-object-page animate-dropdown menu-item-190\" ><a title=\"africains\" href=\"https:\/\/test-gallerie.croque-studio.com\/test-galerie\/galerie-primatitudes-afrique\/\" data-text=\"africains\">africains<\/a><\/li>\n\t\t<li id=\"menu-item-192\" class=\"menu-item menu-item-type-post_type menu-item-object-page animate-dropdown menu-item-192\" ><a title=\"asiatiques\" href=\"https:\/\/test-gallerie.croque-studio.com\/test-galerie\/galerie-primatitudes-asie\/\" data-text=\"asiatiques\">asiatiques<\/a><\/li>\n\t\t<li id=\"menu-item-193\" class=\"menu-item menu-item-type-post_type menu-item-object-page animate-dropdown menu-item-193\" ><a title=\"japonais\" href=\"https:\/\/test-gallerie.croque-studio.com\/test-galerie\/galerie-primatitudes-japon\/\" data-text=\"japonais\">japonais<\/a><\/li>\n\t\t<li id=\"menu-item-191\" class=\"menu-item menu-item-type-post_type menu-item-object-page animate-dropdown menu-item-191\" ><a title=\"sud-am\u00e9ricains\" href=\"https:\/\/test-gallerie.croque-studio.com\/test-galerie\/galerie-primatitudes-amerique-sud\/\" data-text=\"sud-am\u00e9ricains\">sud-am\u00e9ricains<\/a><\/li>\n\t<\/ul>\n<\/li>\n\t<li id=\"menu-item-855\" class=\"menu-item menu-item-type-post_type menu-item-object-page animate-dropdown menu-item-855\" ><a title=\"Sauvages et innocents\" href=\"https:\/\/test-gallerie.croque-studio.com\/test-galerie\/sauvages-et-innocents\/\" data-text=\"Sauvages et innocents\">Sauvages et innocents<\/a><\/li>\n\t<li id=\"menu-item-854\" class=\"menu-item menu-item-type-post_type menu-item-object-page animate-dropdown menu-item-854\" ><a title=\"Nocturne\" href=\"https:\/\/test-gallerie.croque-studio.com\/test-galerie\/elementor-page-619\/\" data-text=\"Nocturne\">Nocturne<\/a><\/li>\n\t<li id=\"menu-item-853\" class=\"menu-item menu-item-type-post_type menu-item-object-page animate-dropdown menu-item-853\" ><a title=\"Poussiere\" href=\"https:\/\/test-gallerie.croque-studio.com\/test-galerie\/elementor-page-633\/\" data-text=\"Poussiere\">Poussiere<\/a><\/li>\n\t<li id=\"menu-item-852\" class=\"menu-item menu-item-type-post_type menu-item-object-page animate-dropdown menu-item-852\" ><a title=\"Regards\" href=\"https:\/\/test-gallerie.croque-studio.com\/test-galerie\/elementor-page-656\/\" data-text=\"Regards\">Regards<\/a><\/li>\n\t<li id=\"menu-item-851\" class=\"menu-item menu-item-type-post_type menu-item-object-page animate-dropdown menu-item-851\" ><a title=\"Grafic\" href=\"https:\/\/test-gallerie.croque-studio.com\/test-galerie\/grafic\/\" data-text=\"Grafic\">Grafic<\/a><\/li>\n\t<li id=\"menu-item-850\" class=\"menu-item menu-item-type-post_type menu-item-object-page animate-dropdown menu-item-850\" ><a title=\"Tendresse\" href=\"https:\/\/test-gallerie.croque-studio.com\/test-galerie\/tendresse\/\" data-text=\"Tendresse\">Tendresse<\/a><\/li>\n\t<li id=\"menu-item-849\" class=\"menu-item menu-item-type-post_type menu-item-object-page animate-dropdown menu-item-849\" ><a title=\"Tout Pr\u00e8s\" href=\"https:\/\/test-gallerie.croque-studio.com\/test-galerie\/elementor-page-760\/\" data-text=\"Tout Pr\u00e8s\">Tout Pr\u00e8s<\/a><\/li>\n\t<li id=\"menu-item-847\" class=\"menu-item menu-item-type-post_type menu-item-object-page animate-dropdown menu-item-847\" ><a title=\"Femmes\" href=\"https:\/\/test-gallerie.croque-studio.com\/test-galerie\/elementor-page-719\/\" data-text=\"Femmes\">Femmes<\/a><\/li>\n\t<li id=\"menu-item-848\" class=\"menu-item menu-item-type-post_type menu-item-object-page animate-dropdown menu-item-848\" ><a title=\"Vestiges\" href=\"https:\/\/test-gallerie.croque-studio.com\/test-galerie\/elementor-page-799\/\" data-text=\"Vestiges\">Vestiges<\/a><\/li>\n<\/ul>\n<\/li>\n<li id=\"menu-item-1067\" class=\"menu-item menu-item-type-custom menu-item-object-custom menu-item-has-children animate-dropdown menu-item-1067 depth-0 dropdown\" ><a title=\"Livres\" href=\"https:\/\/test-gallerie.croque-studio.com\/test-galerie\/kaktovic\/\" class=\"dropdown-toggle\" aria-haspopup=\"true\" data-text=\"Livres\">Livres<\/a>\n<ul role=\"menu\" class=\" dropdown-menu\">\n\t<li id=\"menu-item-1072\" class=\"menu-item menu-item-type-post_type menu-item-object-page animate-dropdown menu-item-1072\" ><a title=\"Kaktovic\" href=\"https:\/\/test-gallerie.croque-studio.com\/test-galerie\/elementor-889\/\" data-text=\"Kaktovic\">Kaktovic<\/a><\/li>\n\t<li id=\"menu-item-1071\" class=\"menu-item menu-item-type-post_type menu-item-object-page animate-dropdown menu-item-1071\" ><a title=\"Primate-itudes\" href=\"https:\/\/test-gallerie.croque-studio.com\/test-galerie\/primate-itudes\/\" data-text=\"Primate-itudes\">Primate-itudes<\/a><\/li>\n\t<li id=\"menu-item-1070\" class=\"menu-item menu-item-type-post_type menu-item-object-page animate-dropdown menu-item-1070\" ><a title=\"Oursitudes\" href=\"https:\/\/test-gallerie.croque-studio.com\/test-galerie\/oursitudes\/\" data-text=\"Oursitudes\">Oursitudes<\/a><\/li>\n\t<li id=\"menu-item-1069\" class=\"menu-item menu-item-type-post_type menu-item-object-page animate-dropdown menu-item-1069\" ><a title=\"Le Cri\" href=\"https:\/\/test-gallerie.croque-studio.com\/test-galerie\/le-cri\/\" data-text=\"Le Cri\">Le Cri<\/a><\/li>\n\t<li id=\"menu-item-1068\" class=\"menu-item menu-item-type-post_type menu-item-object-page animate-dropdown menu-item-1068\" ><a title=\"Zig Zag\" href=\"https:\/\/test-gallerie.croque-studio.com\/test-galerie\/zig-zag\/\" data-text=\"Zig Zag\">Zig Zag<\/a><\/li>\n\t<li id=\"menu-item-1076\" class=\"menu-item menu-item-type-post_type menu-item-object-page animate-dropdown menu-item-1076\" ><a title=\"Catalogue\" href=\"https:\/\/test-gallerie.croque-studio.com\/test-galerie\/elementor-page-1055\/\" data-text=\"Catalogue\">Catalogue<\/a><\/li>\n<\/ul>\n<\/li>\n<li id=\"menu-item-1172\" class=\"menu-item menu-item-type-post_type menu-item-object-page menu-item-has-children animate-dropdown menu-item-1172 depth-0 dropdown\" ><a title=\"Sabine Trensz\" href=\"https:\/\/test-gallerie.croque-studio.com\/test-galerie\/sabine-trensz\/\" class=\"dropdown-toggle\" aria-haspopup=\"true\" data-text=\"Sabine Trensz\">Sabine Trensz<\/a>\n<ul role=\"menu\" class=\" dropdown-menu\">\n\t<li id=\"menu-item-1171\" class=\"menu-item menu-item-type-post_type menu-item-object-page animate-dropdown menu-item-1171\" ><a title=\"Revue de presse\" href=\"https:\/\/test-gallerie.croque-studio.com\/test-galerie\/revue-de-presse\/\" data-text=\"Revue de presse\">Revue de presse<\/a><\/li>\n\t<li id=\"menu-item-1170\" class=\"menu-item menu-item-type-post_type menu-item-object-page animate-dropdown menu-item-1170\" ><a title=\"Livre d\u2019or\" href=\"https:\/\/test-gallerie.croque-studio.com\/test-galerie\/elementor-page-1107\/\" data-text=\"Livre d\u2019or\">Livre d\u2019or<\/a><\/li>\n\t<li id=\"menu-item-1169\" class=\"menu-item menu-item-type-post_type menu-item-object-page animate-dropdown menu-item-1169\" ><a title=\"Interventions\" href=\"https:\/\/test-gallerie.croque-studio.com\/test-galerie\/interventions\/\" data-text=\"Interventions\">Interventions<\/a><\/li>\n<\/ul>\n<\/li>\n<li id=\"menu-item-1174\" class=\"menu-item menu-item-type-post_type menu-item-object-page animate-dropdown menu-item-1174\" ><a title=\"M\u00e9dias\" href=\"https:\/\/test-gallerie.croque-studio.com\/test-galerie\/presse\/\" data-text=\"M\u00e9dias\">M\u00e9dias<\/a><\/li>\n<li id=\"menu-item-1173\" class=\"menu-item menu-item-type-post_type menu-item-object-page animate-dropdown menu-item-1173\" ><a title=\"Contactez-moi\" href=\"https:\/\/test-gallerie.croque-studio.com\/test-galerie\/elementor-page-1145\/\" data-text=\"Contactez-moi\">Contactez-moi<\/a><\/li>\n<\/ul><\/div>\t\t\t\t\t<\/div>\n\t\t\t\t<\/div>\n\n\t\t\t\t\t\t\t\t\n\t\t\t\t\t<div class=\"plus-mobile-nav-toggle navbar-header mobile-toggle\">\n\t\t\t\t\t\t<div class=\"mobile-plus-toggle-menu plus-collapsed toggle-style-1\" data-target=\"#plus-mobile-nav-toggle-nav-menu69e39545231bb\">\n\t\t\t\t\t\t\t\t\t\t\t\t\t\t<ul class=\"toggle-lines\">\n\t\t\t\t\t\t\t\t<li class=\"toggle-line\"><\/li>\n\t\t\t\t\t\t\t\t<li class=\"toggle-line\"><\/li>\n\t\t\t\t\t\t\t<\/ul>\n\t\t\t\t\t\t\t\t\t\t\t\t\t<\/div>\n\t\t\t\t\t<\/div>\n\t\t\t\t\n\t\t\t\t\t<div id=\"plus-mobile-nav-toggle-nav-menu69e39545231bb\"\n\t\t\t\t\t\tclass=\"plus-mobile-menu  collapse navbar-collapse navbar-ex1-collapse plus-mobile-menu-content \">\n\t\t\t\t\t\t\t\t\t\t\t\t\t\t\t\t\t<\/div>\n\t\t\t\t\t\t\t\t\n\t\t\t<\/div>\n\t\t<\/div>\n\t\t \n\t\t<style>@media (min-width:992px){.plus-navigation-wrap.nav-menu69e39545231bb #theplus-navigation-normal-menu{display: block!important;}.plus-navigation-wrap.nav-menu69e39545231bb #plus-mobile-nav-toggle-nav-menu69e39545231bb.collapse.in{display:none;}}@media (max-width:991px){.plus-navigation-wrap.nav-menu69e39545231bb #theplus-navigation-normal-menu{display:none !important;}.plus-navigation-wrap.nav-menu69e39545231bb .plus-mobile-nav-toggle.mobile-toggle{display: -webkit-flex;display: -moz-flex;display: -ms-flex;display: flex;-webkit-align-items: center;-moz-align-items: center;-ms-align-items: center;align-items: center;-webkit-justify-content: flex-end;-moz-justify-content: flex-end;-ms-justify-content: flex-end;justify-content: flex-end;}}<\/style>\t\t\t\t<\/div>\n\t\t\t\t<\/div>\n\t\t<div class=\"elementor-element elementor-element-2d9ed37f e-con-full e-flex e-con e-child\" data-id=\"2d9ed37f\" data-element_type=\"container\">\n\t\t<div class=\"elementor-element elementor-element-41838dae e-con-full e-flex e-con e-child\" data-id=\"41838dae\" data-element_type=\"container\">\n\t\t<div class=\"elementor-element elementor-element-7e9dd847 e-con-full e-flex e-con e-child\" data-id=\"7e9dd847\" data-element_type=\"container\">\n\t\t<div class=\"elementor-element elementor-element-c73888e e-con-full e-flex e-con e-child\" data-id=\"c73888e\" data-element_type=\"container\">\n\t\t\t\t<div class=\"elementor-element elementor-element-8f40f69 elementor-widget__width-inherit elementor-widget elementor-widget-image\" data-id=\"8f40f69\" data-element_type=\"widget\" data-widget_type=\"image.default\">\n\t\t\t\t\t\t\t\t\t\t\t\t\t\t\t<img fetchpriority=\"high\" decoding=\"async\" width=\"800\" height=\"533\" src=\"https:\/\/test-gallerie.croque-studio.com\/test-galerie\/wp-content\/uploads\/2025\/11\/6-1.jpg\" class=\"attachment-large size-large wp-image-629\" alt=\"\" srcset=\"https:\/\/test-gallerie.croque-studio.com\/test-galerie\/wp-content\/uploads\/2025\/11\/6-1.jpg 900w, https:\/\/test-gallerie.croque-studio.com\/test-galerie\/wp-content\/uploads\/2025\/11\/6-1-300x200.jpg 300w, https:\/\/test-gallerie.croque-studio.com\/test-galerie\/wp-content\/uploads\/2025\/11\/6-1-768x512.jpg 768w\" sizes=\"(max-width: 800px) 100vw, 800px\" \/>\t\t\t\t\t\t\t\t\t\t\t\t\t\t\t<\/div>\n\t\t\t\t<\/div>\n\t\t<div class=\"elementor-element elementor-element-3d53b660 e-con-full e-flex e-con e-child\" data-id=\"3d53b660\" data-element_type=\"container\">\n\t\t<div class=\"elementor-element elementor-element-43bc0611 e-con-full e-flex e-con e-child\" data-id=\"43bc0611\" data-element_type=\"container\">\n\t\t\t\t<div class=\"elementor-element elementor-element-3da2d6e6 elementor-widget__width-inherit elementor-widget elementor-widget-image\" data-id=\"3da2d6e6\" data-element_type=\"widget\" data-widget_type=\"image.default\">\n\t\t\t\t\t\t\t\t\t\t\t\t\t\t\t<img decoding=\"async\" width=\"800\" height=\"533\" src=\"https:\/\/test-gallerie.croque-studio.com\/test-galerie\/wp-content\/uploads\/2025\/11\/4-1.jpg\" class=\"attachment-large size-large wp-image-627\" alt=\"\" srcset=\"https:\/\/test-gallerie.croque-studio.com\/test-galerie\/wp-content\/uploads\/2025\/11\/4-1.jpg 900w, https:\/\/test-gallerie.croque-studio.com\/test-galerie\/wp-content\/uploads\/2025\/11\/4-1-300x200.jpg 300w, https:\/\/test-gallerie.croque-studio.com\/test-galerie\/wp-content\/uploads\/2025\/11\/4-1-768x512.jpg 768w\" sizes=\"(max-width: 800px) 100vw, 800px\" \/>\t\t\t\t\t\t\t\t\t\t\t\t\t\t\t<\/div>\n\t\t\t\t<\/div>\n\t\t<div class=\"elementor-element elementor-element-2092a69f e-con-full e-flex e-con e-child\" data-id=\"2092a69f\" data-element_type=\"container\">\n\t\t\t\t<div class=\"elementor-element elementor-element-36ab5a38 elementor-widget__width-inherit elementor-widget elementor-widget-image\" data-id=\"36ab5a38\" data-element_type=\"widget\" data-widget_type=\"image.default\">\n\t\t\t\t\t\t\t\t\t\t\t\t\t\t\t<img decoding=\"async\" width=\"800\" height=\"533\" src=\"https:\/\/test-gallerie.croque-studio.com\/test-galerie\/wp-content\/uploads\/2025\/11\/1-1.jpg\" class=\"attachment-large size-large wp-image-624\" alt=\"\" srcset=\"https:\/\/test-gallerie.croque-studio.com\/test-galerie\/wp-content\/uploads\/2025\/11\/1-1.jpg 901w, https:\/\/test-gallerie.croque-studio.com\/test-galerie\/wp-content\/uploads\/2025\/11\/1-1-300x200.jpg 300w, https:\/\/test-gallerie.croque-studio.com\/test-galerie\/wp-content\/uploads\/2025\/11\/1-1-768x511.jpg 768w\" sizes=\"(max-width: 800px) 100vw, 800px\" \/>\t\t\t\t\t\t\t\t\t\t\t\t\t\t\t<\/div>\n\t\t\t\t<\/div>\n\t\t\t\t<\/div>\n\t\t<div class=\"elementor-element elementor-element-2b87a0b6 e-con-full e-flex e-con e-child\" data-id=\"2b87a0b6\" data-element_type=\"container\">\n\t\t\t\t<div class=\"elementor-element elementor-element-732cefb0 elementor-widget__width-inherit elementor-widget elementor-widget-image\" data-id=\"732cefb0\" data-element_type=\"widget\" data-widget_type=\"image.default\">\n\t\t\t\t\t\t\t\t\t\t\t\t\t\t\t<img loading=\"lazy\" decoding=\"async\" width=\"800\" height=\"533\" src=\"https:\/\/test-gallerie.croque-studio.com\/test-galerie\/wp-content\/uploads\/2025\/11\/7-1.jpg\" class=\"attachment-large size-large wp-image-621\" alt=\"\" srcset=\"https:\/\/test-gallerie.croque-studio.com\/test-galerie\/wp-content\/uploads\/2025\/11\/7-1.jpg 900w, https:\/\/test-gallerie.croque-studio.com\/test-galerie\/wp-content\/uploads\/2025\/11\/7-1-300x200.jpg 300w, https:\/\/test-gallerie.croque-studio.com\/test-galerie\/wp-content\/uploads\/2025\/11\/7-1-768x512.jpg 768w\" sizes=\"(max-width: 800px) 100vw, 800px\" \/>\t\t\t\t\t\t\t\t\t\t\t\t\t\t\t<\/div>\n\t\t\t\t<\/div>\n\t\t<div class=\"elementor-element elementor-element-7fec502c e-con-full e-flex e-con e-child\" data-id=\"7fec502c\" data-element_type=\"container\">\n\t\t\t\t<div class=\"elementor-element elementor-element-425ca323 elementor-widget__width-inherit elementor-widget elementor-widget-image\" data-id=\"425ca323\" data-element_type=\"widget\" data-widget_type=\"image.default\">\n\t\t\t\t\t\t\t\t\t\t\t\t\t\t\t<img loading=\"lazy\" decoding=\"async\" width=\"800\" height=\"533\" src=\"https:\/\/test-gallerie.croque-studio.com\/test-galerie\/wp-content\/uploads\/2025\/11\/2-1.jpg\" class=\"attachment-large size-large wp-image-625\" alt=\"\" srcset=\"https:\/\/test-gallerie.croque-studio.com\/test-galerie\/wp-content\/uploads\/2025\/11\/2-1.jpg 900w, https:\/\/test-gallerie.croque-studio.com\/test-galerie\/wp-content\/uploads\/2025\/11\/2-1-300x200.jpg 300w, https:\/\/test-gallerie.croque-studio.com\/test-galerie\/wp-content\/uploads\/2025\/11\/2-1-768x512.jpg 768w\" sizes=\"(max-width: 800px) 100vw, 800px\" \/>\t\t\t\t\t\t\t\t\t\t\t\t\t\t\t<\/div>\n\t\t\t\t<\/div>\n\t\t<div class=\"elementor-element elementor-element-65a8fb91 e-con-full e-flex e-con e-child\" data-id=\"65a8fb91\" data-element_type=\"container\">\n\t\t\t\t<div class=\"elementor-element elementor-element-3e4572a6 elementor-widget elementor-widget-heading\" data-id=\"3e4572a6\" data-element_type=\"widget\" data-widget_type=\"heading.default\">\n\t\t\t\t\t<h2 class=\"elementor-heading-title elementor-size-default\">Nocturne<\/h2>\t\t\t\t<\/div>\n\t\t\t\t<\/div>\n\t\t\t\t<\/div>\n\t\t<div class=\"elementor-element elementor-element-50388756 e-con-full e-flex e-con e-child\" data-id=\"50388756\" data-element_type=\"container\">\n\t\t<div class=\"elementor-element elementor-element-7cd02417 e-con-full e-flex e-con e-child\" data-id=\"7cd02417\" data-element_type=\"container\">\n\t\t<div class=\"elementor-element elementor-element-7672967e e-con-full e-flex e-con e-child\" data-id=\"7672967e\" data-element_type=\"container\">\n\t\t\t\t<div class=\"elementor-element elementor-element-104e2308 elementor-widget__width-inherit elementor-widget elementor-widget-image\" data-id=\"104e2308\" data-element_type=\"widget\" data-widget_type=\"image.default\">\n\t\t\t\t\t\t\t\t\t\t\t\t\t\t\t<img loading=\"lazy\" decoding=\"async\" width=\"800\" height=\"533\" src=\"https:\/\/test-gallerie.croque-studio.com\/test-galerie\/wp-content\/uploads\/2025\/11\/9-1.jpg\" class=\"attachment-large size-large wp-image-623\" alt=\"\" srcset=\"https:\/\/test-gallerie.croque-studio.com\/test-galerie\/wp-content\/uploads\/2025\/11\/9-1.jpg 900w, https:\/\/test-gallerie.croque-studio.com\/test-galerie\/wp-content\/uploads\/2025\/11\/9-1-300x200.jpg 300w, https:\/\/test-gallerie.croque-studio.com\/test-galerie\/wp-content\/uploads\/2025\/11\/9-1-768x512.jpg 768w\" sizes=\"(max-width: 800px) 100vw, 800px\" \/>\t\t\t\t\t\t\t\t\t\t\t\t\t\t\t<\/div>\n\t\t\t\t<\/div>\n\t\t<div class=\"elementor-element elementor-element-62692e08 e-con-full e-flex e-con e-child\" data-id=\"62692e08\" data-element_type=\"container\">\n\t\t\t\t<div class=\"elementor-element elementor-element-15c13cae elementor-widget__width-inherit elementor-widget elementor-widget-image\" data-id=\"15c13cae\" data-element_type=\"widget\" data-widget_type=\"image.default\">\n\t\t\t\t\t\t\t\t\t\t\t\t\t\t\t<img loading=\"lazy\" decoding=\"async\" width=\"800\" height=\"533\" src=\"https:\/\/test-gallerie.croque-studio.com\/test-galerie\/wp-content\/uploads\/2025\/11\/3-1.jpg\" class=\"attachment-large size-large wp-image-626\" alt=\"\" srcset=\"https:\/\/test-gallerie.croque-studio.com\/test-galerie\/wp-content\/uploads\/2025\/11\/3-1.jpg 900w, https:\/\/test-gallerie.croque-studio.com\/test-galerie\/wp-content\/uploads\/2025\/11\/3-1-300x200.jpg 300w, https:\/\/test-gallerie.croque-studio.com\/test-galerie\/wp-content\/uploads\/2025\/11\/3-1-768x512.jpg 768w\" sizes=\"(max-width: 800px) 100vw, 800px\" \/>\t\t\t\t\t\t\t\t\t\t\t\t\t\t\t<\/div>\n\t\t\t\t<\/div>\n\t\t\t\t<\/div>\n\t\t<div class=\"elementor-element elementor-element-2efb60d9 e-con-full e-flex e-con e-child\" data-id=\"2efb60d9\" data-element_type=\"container\">\n\t\t<div class=\"elementor-element elementor-element-429d4019 e-con-full e-flex e-con e-child\" data-id=\"429d4019\" data-element_type=\"container\">\n\t\t\t\t<div class=\"elementor-element elementor-element-27493976 elementor-widget__width-inherit elementor-widget elementor-widget-image\" data-id=\"27493976\" data-element_type=\"widget\" data-widget_type=\"image.default\">\n\t\t\t\t\t\t\t\t\t\t\t\t\t\t\t<img loading=\"lazy\" decoding=\"async\" width=\"683\" height=\"1024\" src=\"https:\/\/test-gallerie.croque-studio.com\/test-galerie\/wp-content\/uploads\/2025\/11\/8-1-683x1024.jpg\" class=\"attachment-large size-large wp-image-622\" alt=\"\" srcset=\"https:\/\/test-gallerie.croque-studio.com\/test-galerie\/wp-content\/uploads\/2025\/11\/8-1-683x1024.jpg 683w, https:\/\/test-gallerie.croque-studio.com\/test-galerie\/wp-content\/uploads\/2025\/11\/8-1-200x300.jpg 200w, https:\/\/test-gallerie.croque-studio.com\/test-galerie\/wp-content\/uploads\/2025\/11\/8-1-768x1152.jpg 768w, https:\/\/test-gallerie.croque-studio.com\/test-galerie\/wp-content\/uploads\/2025\/11\/8-1.jpg 900w\" sizes=\"(max-width: 683px) 100vw, 683px\" \/>\t\t\t\t\t\t\t\t\t\t\t\t\t\t\t<\/div>\n\t\t\t\t<\/div>\n\t\t<div class=\"elementor-element elementor-element-43a0c265 e-con-full e-flex e-con e-child\" data-id=\"43a0c265\" data-element_type=\"container\">\n\t\t\t\t<div class=\"elementor-element elementor-element-20a488a6 elementor-widget__width-inherit elementor-widget elementor-widget-image\" data-id=\"20a488a6\" data-element_type=\"widget\" data-widget_type=\"image.default\">\n\t\t\t\t\t\t\t\t\t\t\t\t\t\t\t<img loading=\"lazy\" decoding=\"async\" width=\"800\" height=\"533\" src=\"https:\/\/test-gallerie.croque-studio.com\/test-galerie\/wp-content\/uploads\/2025\/11\/5-1-1024x682.jpg\" class=\"attachment-large size-large wp-image-628\" alt=\"\" srcset=\"https:\/\/test-gallerie.croque-studio.com\/test-galerie\/wp-content\/uploads\/2025\/11\/5-1-1024x682.jpg 1024w, https:\/\/test-gallerie.croque-studio.com\/test-galerie\/wp-content\/uploads\/2025\/11\/5-1-300x200.jpg 300w, https:\/\/test-gallerie.croque-studio.com\/test-galerie\/wp-content\/uploads\/2025\/11\/5-1-768x512.jpg 768w, https:\/\/test-gallerie.croque-studio.com\/test-galerie\/wp-content\/uploads\/2025\/11\/5-1.jpg 1351w\" sizes=\"(max-width: 800px) 100vw, 800px\" \/>\t\t\t\t\t\t\t\t\t\t\t\t\t\t\t<\/div>\n\t\t\t\t<\/div>\n\t\t\t\t<\/div>\n\t\t\t\t<\/div>\n\t\t\t\t<\/div>\n\t\t\t\t<\/div>\n\t\t\t\t\t<\/div>\n\t\t\t\t<\/div>\n\t\t<div class=\"elementor-element elementor-element-118482c7 e-con-full e-flex e-con e-parent\" data-id=\"118482c7\" data-element_type=\"container\">\n\t\t\t\t<div class=\"elementor-element elementor-element-6c0b9a0d elementor-widget elementor-widget-html\" data-id=\"6c0b9a0d\" data-element_type=\"widget\" data-widget_type=\"html.default\">\n\t\t\t\t\t<!-- Overlay global (invisible au d\u00e9part) -->\r\n<div class=\"zoom-overlay\" id=\"zoomOverlay\" aria-hidden=\"true\">\r\n  <img decoding=\"async\" class=\"zoom-overlay__img\" id=\"zoomImg\" src=\"\" alt=\"\">\r\n<\/div>\r\n\r\n<script>\r\n(function () {\r\n  const overlay = document.getElementById('zoomOverlay');\r\n  const zoomImg = document.getElementById('zoomImg');\r\n\r\n  \/\/ Cible toutes les images Elementor (widget Image)\r\n  document.addEventListener('click', function (e) {\r\n    const img = e.target.closest('.elementor-widget-image img');\r\n    if (!img) return;\r\n\r\n    zoomImg.src = img.currentSrc || img.src;\r\n    overlay.classList.add('zoom-overlay--open');\r\n    overlay.setAttribute('aria-hidden', 'false');\r\n    document.body.style.overflow = 'hidden';\r\n  });\r\n\r\n  \/\/ Fermer le zoom en cliquant \u00e0 l\u2019ext\u00e9rieur ou en appuyant sur \u00c9chap\r\n  function closeOverlay() {\r\n    overlay.classList.remove('zoom-overlay--open');\r\n    overlay.setAttribute('aria-hidden', 'true');\r\n    zoomImg.src = '';\r\n    document.body.style.overflow = '';\r\n  }\r\n\r\n  overlay.addEventListener('click', (e) => { if (e.target === overlay) closeOverlay(); });\r\n  document.addEventListener('keydown', (e) => { if (e.key === 'Escape') closeOverlay(); });\r\n})();\r\n<\/script>\r\n\t\t\t\t<\/div>\n\t\t\t\t<\/div>\n\t\t\t\t<\/div>\n\t\t","protected":false},"excerpt":{"rendered":"<p>Bienvenue Mes images oursitudes f\u00e9linades primatitudes africains asiatiques japonais sud-am\u00e9ricains Sauvages et innocents Nocturne Poussiere Regards Grafic Tendresse Tout Pr\u00e8s Femmes Vestiges Livres Kaktovic Primate-itudes Oursitudes Le Cri Zig Zag Catalogue Sabine Trensz Revue de presse Livre d\u2019or Interventions M\u00e9dias Contactez-moi Nocturne<\/p>\n","protected":false},"author":1,"featured_media":0,"parent":0,"menu_order":0,"comment_status":"closed","ping_status":"closed","template":"elementor_header_footer","meta":{"footnotes":""},"class_list":["post-619","page","type-page","status-publish","hentry"],"_links":{"self":[{"href":"https:\/\/test-gallerie.croque-studio.com\/test-galerie\/wp-json\/wp\/v2\/pages\/619","targetHints":{"allow":["GET"]}}],"collection":[{"href":"https:\/\/test-gallerie.croque-studio.com\/test-galerie\/wp-json\/wp\/v2\/pages"}],"about":[{"href":"https:\/\/test-gallerie.croque-studio.com\/test-galerie\/wp-json\/wp\/v2\/types\/page"}],"author":[{"embeddable":true,"href":"https:\/\/test-gallerie.croque-studio.com\/test-galerie\/wp-json\/wp\/v2\/users\/1"}],"replies":[{"embeddable":true,"href":"https:\/\/test-gallerie.croque-studio.com\/test-galerie\/wp-json\/wp\/v2\/comments?post=619"}],"version-history":[{"count":13,"href":"https:\/\/test-gallerie.croque-studio.com\/test-galerie\/wp-json\/wp\/v2\/pages\/619\/revisions"}],"predecessor-version":[{"id":1551,"href":"https:\/\/test-gallerie.croque-studio.com\/test-galerie\/wp-json\/wp\/v2\/pages\/619\/revisions\/1551"}],"wp:attachment":[{"href":"https:\/\/test-gallerie.croque-studio.com\/test-galerie\/wp-json\/wp\/v2\/media?parent=619"}],"curies":[{"name":"wp","href":"https:\/\/api.w.org\/{rel}","templated":true}]}}