{"id":197,"date":"2025-08-11T19:28:11","date_gmt":"2025-08-11T19:28:11","guid":{"rendered":"https:\/\/test-gallerie.croque-studio.com\/test-galerie\/?page_id=197"},"modified":"2026-01-27T15:10:03","modified_gmt":"2026-01-27T15:10:03","slug":"bienvenue","status":"publish","type":"page","link":"https:\/\/test-gallerie.croque-studio.com\/test-galerie\/","title":{"rendered":"Bienvenue"},"content":{"rendered":"\t\t<div data-elementor-type=\"wp-page\" data-elementor-id=\"197\" class=\"elementor elementor-197\" data-elementor-post-type=\"page\">\n\t\t\t\t<div class=\"elementor-element elementor-element-35e89d79 e-flex e-con-boxed e-con e-parent\" data-id=\"35e89d79\" data-element_type=\"container\">\n\t\t\t\t\t<div class=\"e-con-inner\">\n\t\t<div class=\"elementor-element elementor-element-1d4e7f7f e-con-full e-flex e-con e-child\" data-id=\"1d4e7f7f\" data-element_type=\"container\">\n\t\t\t\t<div class=\"elementor-element elementor-element-f92ab20 elementor-widget elementor-widget-tp-navigation-menu-lite\" data-id=\"f92ab20\" data-element_type=\"widget\" data-widget_type=\"tp-navigation-menu-lite.default\">\n\t\t\t\t\t\n\t\t<div class=\"plus-navigation-wrap text-left nav-menu69e37c1cb50b7\">\n\t\t\t<div class=\"plus-navigation-inner menu-click main-menu-indicator-style-1 sub-menu-indicator-style-1 \"  data-menu_transition=\"style-1\">\n\t\t\t\t<div id=\"theplus-navigation-normal-menu\" class=\"collapse navbar-collapse navbar-ex1-collapse\">\n\t\n\t\t\t\t\t<div class=\"plus-navigation-menu menu-vertical\">\n\t\t\t\t\t\t\n\t\t\t\t\t\t<div class=\"plus-navigation-menu menu-vertical\"><ul id=\"menu-menu\" class=\"nav navbar-nav yamm menu-hover-none\"><li id=\"menu-item-188\" class=\"menu-item menu-item-type-custom menu-item-object-custom menu-item-home animate-dropdown menu-item-188\" ><a title=\"Bienvenue\" href=\"https:\/\/test-gallerie.croque-studio.com\/test-galerie\/\" data-text=\"Bienvenue\">Bienvenue<\/a><\/li>\n<li id=\"menu-item-196\" class=\"menu-item menu-item-type-custom menu-item-object-custom menu-item-home menu-item-has-children animate-dropdown menu-item-196 depth-0 dropdown\" ><a title=\"Mes images\" href=\"https:\/\/test-gallerie.croque-studio.com\/test-galerie\/\" class=\"dropdown-toggle\" aria-haspopup=\"true\" data-text=\"Mes images\">Mes images<\/a>\n<ul role=\"menu\" class=\" dropdown-menu\">\n\t<li id=\"menu-item-194\" class=\"menu-item menu-item-type-post_type menu-item-object-page animate-dropdown menu-item-194\" ><a title=\"oursitudes\" href=\"https:\/\/test-gallerie.croque-studio.com\/test-galerie\/gallerie1\/\" data-text=\"oursitudes\">oursitudes<\/a><\/li>\n\t<li id=\"menu-item-189\" class=\"menu-item menu-item-type-post_type menu-item-object-page animate-dropdown menu-item-189\" ><a title=\"f\u00e9linades\" href=\"https:\/\/test-gallerie.croque-studio.com\/test-galerie\/galerie-felinades\/\" data-text=\"f\u00e9linades\">f\u00e9linades<\/a><\/li>\n\t<li id=\"menu-item-195\" class=\"menu-item menu-item-type-custom menu-item-object-custom menu-item-has-children animate-dropdown menu-item-195 depth-1 dropdown-submenu\" ><a title=\"primatitudes\" href=\"https:\/\/test-gallerie.croque-studio.com\/test-galerie\/galerie-primatitudes-afrique\/\" data-text=\"primatitudes\">primatitudes<\/a>\n\t<ul role=\"menu\" class=\" dropdown-menu\">\n\t\t<li id=\"menu-item-190\" class=\"menu-item menu-item-type-post_type menu-item-object-page animate-dropdown menu-item-190\" ><a title=\"africains\" href=\"https:\/\/test-gallerie.croque-studio.com\/test-galerie\/galerie-primatitudes-afrique\/\" data-text=\"africains\">africains<\/a><\/li>\n\t\t<li id=\"menu-item-192\" class=\"menu-item menu-item-type-post_type menu-item-object-page animate-dropdown menu-item-192\" ><a title=\"asiatiques\" href=\"https:\/\/test-gallerie.croque-studio.com\/test-galerie\/galerie-primatitudes-asie\/\" data-text=\"asiatiques\">asiatiques<\/a><\/li>\n\t\t<li id=\"menu-item-193\" class=\"menu-item menu-item-type-post_type menu-item-object-page animate-dropdown menu-item-193\" ><a title=\"japonais\" href=\"https:\/\/test-gallerie.croque-studio.com\/test-galerie\/galerie-primatitudes-japon\/\" data-text=\"japonais\">japonais<\/a><\/li>\n\t\t<li id=\"menu-item-191\" class=\"menu-item menu-item-type-post_type menu-item-object-page animate-dropdown menu-item-191\" ><a title=\"sud-am\u00e9ricains\" href=\"https:\/\/test-gallerie.croque-studio.com\/test-galerie\/galerie-primatitudes-amerique-sud\/\" data-text=\"sud-am\u00e9ricains\">sud-am\u00e9ricains<\/a><\/li>\n\t<\/ul>\n<\/li>\n\t<li id=\"menu-item-855\" class=\"menu-item menu-item-type-post_type menu-item-object-page animate-dropdown menu-item-855\" ><a title=\"Sauvages et innocents\" href=\"https:\/\/test-gallerie.croque-studio.com\/test-galerie\/sauvages-et-innocents\/\" data-text=\"Sauvages et innocents\">Sauvages et innocents<\/a><\/li>\n\t<li id=\"menu-item-854\" class=\"menu-item menu-item-type-post_type menu-item-object-page animate-dropdown menu-item-854\" ><a title=\"Nocturne\" href=\"https:\/\/test-gallerie.croque-studio.com\/test-galerie\/elementor-page-619\/\" data-text=\"Nocturne\">Nocturne<\/a><\/li>\n\t<li id=\"menu-item-853\" class=\"menu-item menu-item-type-post_type menu-item-object-page animate-dropdown menu-item-853\" ><a title=\"Poussiere\" href=\"https:\/\/test-gallerie.croque-studio.com\/test-galerie\/elementor-page-633\/\" data-text=\"Poussiere\">Poussiere<\/a><\/li>\n\t<li id=\"menu-item-852\" class=\"menu-item menu-item-type-post_type menu-item-object-page animate-dropdown menu-item-852\" ><a title=\"Regards\" href=\"https:\/\/test-gallerie.croque-studio.com\/test-galerie\/elementor-page-656\/\" data-text=\"Regards\">Regards<\/a><\/li>\n\t<li id=\"menu-item-851\" class=\"menu-item menu-item-type-post_type menu-item-object-page animate-dropdown menu-item-851\" ><a title=\"Grafic\" href=\"https:\/\/test-gallerie.croque-studio.com\/test-galerie\/grafic\/\" data-text=\"Grafic\">Grafic<\/a><\/li>\n\t<li id=\"menu-item-850\" class=\"menu-item menu-item-type-post_type menu-item-object-page animate-dropdown menu-item-850\" ><a title=\"Tendresse\" href=\"https:\/\/test-gallerie.croque-studio.com\/test-galerie\/tendresse\/\" data-text=\"Tendresse\">Tendresse<\/a><\/li>\n\t<li id=\"menu-item-849\" class=\"menu-item menu-item-type-post_type menu-item-object-page animate-dropdown menu-item-849\" ><a title=\"Tout Pr\u00e8s\" href=\"https:\/\/test-gallerie.croque-studio.com\/test-galerie\/elementor-page-760\/\" data-text=\"Tout Pr\u00e8s\">Tout Pr\u00e8s<\/a><\/li>\n\t<li id=\"menu-item-847\" class=\"menu-item menu-item-type-post_type menu-item-object-page animate-dropdown menu-item-847\" ><a title=\"Femmes\" href=\"https:\/\/test-gallerie.croque-studio.com\/test-galerie\/elementor-page-719\/\" data-text=\"Femmes\">Femmes<\/a><\/li>\n\t<li id=\"menu-item-848\" class=\"menu-item menu-item-type-post_type menu-item-object-page animate-dropdown menu-item-848\" ><a title=\"Vestiges\" href=\"https:\/\/test-gallerie.croque-studio.com\/test-galerie\/elementor-page-799\/\" data-text=\"Vestiges\">Vestiges<\/a><\/li>\n<\/ul>\n<\/li>\n<li id=\"menu-item-1067\" class=\"menu-item menu-item-type-custom menu-item-object-custom menu-item-has-children animate-dropdown menu-item-1067 depth-0 dropdown\" ><a title=\"Livres\" href=\"https:\/\/test-gallerie.croque-studio.com\/test-galerie\/kaktovic\/\" class=\"dropdown-toggle\" aria-haspopup=\"true\" data-text=\"Livres\">Livres<\/a>\n<ul role=\"menu\" class=\" dropdown-menu\">\n\t<li id=\"menu-item-1072\" class=\"menu-item menu-item-type-post_type menu-item-object-page animate-dropdown menu-item-1072\" ><a title=\"Kaktovic\" href=\"https:\/\/test-gallerie.croque-studio.com\/test-galerie\/elementor-889\/\" data-text=\"Kaktovic\">Kaktovic<\/a><\/li>\n\t<li id=\"menu-item-1071\" class=\"menu-item menu-item-type-post_type menu-item-object-page animate-dropdown menu-item-1071\" ><a title=\"Primate-itudes\" href=\"https:\/\/test-gallerie.croque-studio.com\/test-galerie\/primate-itudes\/\" data-text=\"Primate-itudes\">Primate-itudes<\/a><\/li>\n\t<li id=\"menu-item-1070\" class=\"menu-item menu-item-type-post_type menu-item-object-page animate-dropdown menu-item-1070\" ><a title=\"Oursitudes\" href=\"https:\/\/test-gallerie.croque-studio.com\/test-galerie\/oursitudes\/\" data-text=\"Oursitudes\">Oursitudes<\/a><\/li>\n\t<li id=\"menu-item-1069\" class=\"menu-item menu-item-type-post_type menu-item-object-page animate-dropdown menu-item-1069\" ><a title=\"Le Cri\" href=\"https:\/\/test-gallerie.croque-studio.com\/test-galerie\/le-cri\/\" data-text=\"Le Cri\">Le Cri<\/a><\/li>\n\t<li id=\"menu-item-1068\" class=\"menu-item menu-item-type-post_type menu-item-object-page animate-dropdown menu-item-1068\" ><a title=\"Zig Zag\" href=\"https:\/\/test-gallerie.croque-studio.com\/test-galerie\/zig-zag\/\" data-text=\"Zig Zag\">Zig Zag<\/a><\/li>\n\t<li id=\"menu-item-1076\" class=\"menu-item menu-item-type-post_type menu-item-object-page animate-dropdown menu-item-1076\" ><a title=\"Catalogue\" href=\"https:\/\/test-gallerie.croque-studio.com\/test-galerie\/elementor-page-1055\/\" data-text=\"Catalogue\">Catalogue<\/a><\/li>\n<\/ul>\n<\/li>\n<li id=\"menu-item-1172\" class=\"menu-item menu-item-type-post_type menu-item-object-page menu-item-has-children animate-dropdown menu-item-1172 depth-0 dropdown\" ><a title=\"Sabine Trensz\" href=\"https:\/\/test-gallerie.croque-studio.com\/test-galerie\/sabine-trensz\/\" class=\"dropdown-toggle\" aria-haspopup=\"true\" data-text=\"Sabine Trensz\">Sabine Trensz<\/a>\n<ul role=\"menu\" class=\" dropdown-menu\">\n\t<li id=\"menu-item-1171\" class=\"menu-item menu-item-type-post_type menu-item-object-page animate-dropdown menu-item-1171\" ><a title=\"Revue de presse\" href=\"https:\/\/test-gallerie.croque-studio.com\/test-galerie\/revue-de-presse\/\" data-text=\"Revue de presse\">Revue de presse<\/a><\/li>\n\t<li id=\"menu-item-1170\" class=\"menu-item menu-item-type-post_type menu-item-object-page animate-dropdown menu-item-1170\" ><a title=\"Livre d\u2019or\" href=\"https:\/\/test-gallerie.croque-studio.com\/test-galerie\/elementor-page-1107\/\" data-text=\"Livre d\u2019or\">Livre d\u2019or<\/a><\/li>\n\t<li id=\"menu-item-1169\" class=\"menu-item menu-item-type-post_type menu-item-object-page animate-dropdown menu-item-1169\" ><a title=\"Interventions\" href=\"https:\/\/test-gallerie.croque-studio.com\/test-galerie\/interventions\/\" data-text=\"Interventions\">Interventions<\/a><\/li>\n<\/ul>\n<\/li>\n<li id=\"menu-item-1174\" class=\"menu-item menu-item-type-post_type menu-item-object-page animate-dropdown menu-item-1174\" ><a title=\"M\u00e9dias\" href=\"https:\/\/test-gallerie.croque-studio.com\/test-galerie\/presse\/\" data-text=\"M\u00e9dias\">M\u00e9dias<\/a><\/li>\n<li id=\"menu-item-1173\" class=\"menu-item menu-item-type-post_type menu-item-object-page animate-dropdown menu-item-1173\" ><a title=\"Contactez-moi\" href=\"https:\/\/test-gallerie.croque-studio.com\/test-galerie\/elementor-page-1145\/\" data-text=\"Contactez-moi\">Contactez-moi<\/a><\/li>\n<\/ul><\/div>\t\t\t\t\t<\/div>\n\t\t\t\t<\/div>\n\n\t\t\t\t\t\t\t\t\n\t\t\t\t\t<div class=\"plus-mobile-nav-toggle navbar-header mobile-toggle\">\n\t\t\t\t\t\t<div class=\"mobile-plus-toggle-menu plus-collapsed toggle-style-1\" data-target=\"#plus-mobile-nav-toggle-nav-menu69e37c1cb50b7\">\n\t\t\t\t\t\t\t\t\t\t\t\t\t\t<ul class=\"toggle-lines\">\n\t\t\t\t\t\t\t\t<li class=\"toggle-line\"><\/li>\n\t\t\t\t\t\t\t\t<li class=\"toggle-line\"><\/li>\n\t\t\t\t\t\t\t<\/ul>\n\t\t\t\t\t\t\t\t\t\t\t\t\t<\/div>\n\t\t\t\t\t<\/div>\n\t\t\t\t\n\t\t\t\t\t<div id=\"plus-mobile-nav-toggle-nav-menu69e37c1cb50b7\"\n\t\t\t\t\t\tclass=\"plus-mobile-menu  collapse navbar-collapse navbar-ex1-collapse plus-mobile-menu-content \">\n\t\t\t\t\t\t\t\t\t\t\t\t\t\t\t\t\t<\/div>\n\t\t\t\t\t\t\t\t\n\t\t\t<\/div>\n\t\t<\/div>\n\t\t \n\t\t<style>@media (min-width:992px){.plus-navigation-wrap.nav-menu69e37c1cb50b7 #theplus-navigation-normal-menu{display: block!important;}.plus-navigation-wrap.nav-menu69e37c1cb50b7 #plus-mobile-nav-toggle-nav-menu69e37c1cb50b7.collapse.in{display:none;}}@media (max-width:991px){.plus-navigation-wrap.nav-menu69e37c1cb50b7 #theplus-navigation-normal-menu{display:none !important;}.plus-navigation-wrap.nav-menu69e37c1cb50b7 .plus-mobile-nav-toggle.mobile-toggle{display: -webkit-flex;display: -moz-flex;display: -ms-flex;display: flex;-webkit-align-items: center;-moz-align-items: center;-ms-align-items: center;align-items: center;-webkit-justify-content: flex-end;-moz-justify-content: flex-end;-ms-justify-content: flex-end;justify-content: flex-end;}}<\/style>\t\t\t\t<\/div>\n\t\t\t\t<\/div>\n\t\t<div class=\"elementor-element elementor-element-9cf20ec e-con-full e-flex e-con e-child\" data-id=\"9cf20ec\" data-element_type=\"container\">\n\t\t\t\t<\/div>\n\t\t<div class=\"elementor-element elementor-element-51ffd1c e-con-full e-flex e-con e-child\" data-id=\"51ffd1c\" data-element_type=\"container\">\n\t\t\t\t<div class=\"elementor-element elementor-element-3add496 elementor-widget__width-inherit elementor-widget elementor-widget-text-editor\" data-id=\"3add496\" data-element_type=\"widget\" data-widget_type=\"text-editor.default\">\n\t\t\t\t\t\t\t\t\t<p>Je suis photographe et travaille essentiellement avec le r\u00e9alisateur<br \/>\u00a0<em><a class=\"external-link-new-window\" title=\"Opens external link in new window\" href=\"http:\/\/pierremann.com\/\" target=\"_blank\" rel=\"noopener\">Pierre Mann<\/a><\/em>.<\/p><p>Ensemble,\u00a0nous parcourons la plan\u00e8te en qu\u00eate de visages, de lumi\u00e8res,<br \/>et de paysages exceptionnels.<\/p><p>\u00a0Nos sujets de pr\u00e9dilection se trouvent aussi bien dans la jungle<br \/>des Indes, dans les savanes africaines, dans les for\u00eats tropicales<br \/>d\u2019Ouganda et du Rwanda que dans les sables br\u00fblants des d\u00e9serts<br \/>ou entre les icebergs de l\u2019Antarctique.<\/p><p>J&#8217;ai \u00e9galement\u00a0collabor\u00e9 aux tournages de<br \/>\u00ab\u00a0<i>Ils \u00e9taient une fois les Bushmen<\/i>\u00a0\u00bb et \u00ab\u00a0<i>Femmes de Pourpre<\/i>\u00a0\u00bb<\/p>\t\t\t\t\t\t\t\t<\/div>\n\t\t<div class=\"elementor-element elementor-element-f6837a6 e-con-full e-flex e-con e-child\" data-id=\"f6837a6\" data-element_type=\"container\">\n\t\t\t\t<div class=\"elementor-element elementor-element-6e5e850 elementor-widget elementor-widget-image\" data-id=\"6e5e850\" data-element_type=\"widget\" data-widget_type=\"image.default\">\n\t\t\t\t\t\t\t\t\t\t\t\t\t\t\t<img decoding=\"async\" width=\"150\" height=\"225\" src=\"https:\/\/test-gallerie.croque-studio.com\/test-galerie\/wp-content\/uploads\/2025\/08\/csm_sabineBW_f4135a6a6d.jpg\" class=\"attachment-large size-large wp-image-202\" alt=\"\" \/>\t\t\t\t\t\t\t\t\t\t\t\t\t\t\t<\/div>\n\t\t\t\t<\/div>\n\t\t\t\t<\/div>\n\t\t\t\t\t<\/div>\n\t\t\t\t<\/div>\n\t\t\t\t<\/div>\n\t\t","protected":false},"excerpt":{"rendered":"<p>Bienvenue Mes images oursitudes f\u00e9linades primatitudes africains asiatiques japonais sud-am\u00e9ricains Sauvages et innocents Nocturne Poussiere Regards Grafic Tendresse Tout Pr\u00e8s Femmes Vestiges Livres Kaktovic Primate-itudes Oursitudes Le Cri Zig Zag Catalogue Sabine Trensz Revue de presse Livre d\u2019or Interventions M\u00e9dias Contactez-moi Je suis photographe et travaille essentiellement avec le r\u00e9alisateur\u00a0Pierre Mann. Ensemble,\u00a0nous parcourons la plan\u00e8te [&hellip;]<\/p>\n","protected":false},"author":1,"featured_media":0,"parent":0,"menu_order":0,"comment_status":"closed","ping_status":"closed","template":"","meta":{"footnotes":""},"class_list":["post-197","page","type-page","status-publish","hentry"],"_links":{"self":[{"href":"https:\/\/test-gallerie.croque-studio.com\/test-galerie\/wp-json\/wp\/v2\/pages\/197","targetHints":{"allow":["GET"]}}],"collection":[{"href":"https:\/\/test-gallerie.croque-studio.com\/test-galerie\/wp-json\/wp\/v2\/pages"}],"about":[{"href":"https:\/\/test-gallerie.croque-studio.com\/test-galerie\/wp-json\/wp\/v2\/types\/page"}],"author":[{"embeddable":true,"href":"https:\/\/test-gallerie.croque-studio.com\/test-galerie\/wp-json\/wp\/v2\/users\/1"}],"replies":[{"embeddable":true,"href":"https:\/\/test-gallerie.croque-studio.com\/test-galerie\/wp-json\/wp\/v2\/comments?post=197"}],"version-history":[{"count":121,"href":"https:\/\/test-gallerie.croque-studio.com\/test-galerie\/wp-json\/wp\/v2\/pages\/197\/revisions"}],"predecessor-version":[{"id":1503,"href":"https:\/\/test-gallerie.croque-studio.com\/test-galerie\/wp-json\/wp\/v2\/pages\/197\/revisions\/1503"}],"wp:attachment":[{"href":"https:\/\/test-gallerie.croque-studio.com\/test-galerie\/wp-json\/wp\/v2\/media?parent=197"}],"curies":[{"name":"wp","href":"https:\/\/api.w.org\/{rel}","templated":true}]}}