{"id":1145,"date":"2025-11-25T13:51:11","date_gmt":"2025-11-25T13:51:11","guid":{"rendered":"https:\/\/test-gallerie.croque-studio.com\/test-galerie\/?page_id=1145"},"modified":"2026-01-27T15:11:44","modified_gmt":"2026-01-27T15:11:44","slug":"elementor-page-1145","status":"publish","type":"page","link":"https:\/\/test-gallerie.croque-studio.com\/test-galerie\/elementor-page-1145\/","title":{"rendered":"Contactez-moi"},"content":{"rendered":"\t\t<div data-elementor-type=\"wp-page\" data-elementor-id=\"1145\" class=\"elementor elementor-1145\" data-elementor-post-type=\"page\">\n\t\t\t\t<div class=\"elementor-element elementor-element-776dd023 e-flex e-con-boxed e-con e-parent\" data-id=\"776dd023\" data-element_type=\"container\">\n\t\t\t\t\t<div class=\"e-con-inner\">\n\t\t<div class=\"elementor-element elementor-element-6b4fe53b e-con-full e-flex e-con e-child\" data-id=\"6b4fe53b\" data-element_type=\"container\">\n\t\t\t\t<div class=\"elementor-element elementor-element-7fe2c44b elementor-widget elementor-widget-tp-navigation-menu-lite\" data-id=\"7fe2c44b\" data-element_type=\"widget\" data-widget_type=\"tp-navigation-menu-lite.default\">\n\t\t\t\t\t\n\t\t<div class=\"plus-navigation-wrap text-left nav-menu69e39564ab893\">\n\t\t\t<div class=\"plus-navigation-inner menu-click main-menu-indicator-style-1 sub-menu-indicator-style-1 \"  data-menu_transition=\"style-1\">\n\t\t\t\t<div id=\"theplus-navigation-normal-menu\" class=\"collapse navbar-collapse navbar-ex1-collapse\">\n\t\n\t\t\t\t\t<div class=\"plus-navigation-menu menu-vertical\">\n\t\t\t\t\t\t\n\t\t\t\t\t\t<div class=\"plus-navigation-menu menu-vertical\"><ul id=\"menu-menu\" class=\"nav navbar-nav yamm menu-hover-none\"><li id=\"menu-item-188\" class=\"menu-item menu-item-type-custom menu-item-object-custom menu-item-home animate-dropdown menu-item-188\" ><a title=\"Bienvenue\" href=\"https:\/\/test-gallerie.croque-studio.com\/test-galerie\/\" data-text=\"Bienvenue\">Bienvenue<\/a><\/li>\n<li id=\"menu-item-196\" class=\"menu-item menu-item-type-custom menu-item-object-custom menu-item-home menu-item-has-children animate-dropdown menu-item-196 depth-0 dropdown\" ><a title=\"Mes images\" href=\"https:\/\/test-gallerie.croque-studio.com\/test-galerie\/\" class=\"dropdown-toggle\" aria-haspopup=\"true\" data-text=\"Mes images\">Mes images<\/a>\n<ul role=\"menu\" class=\" dropdown-menu\">\n\t<li id=\"menu-item-194\" class=\"menu-item menu-item-type-post_type menu-item-object-page animate-dropdown menu-item-194\" ><a title=\"oursitudes\" href=\"https:\/\/test-gallerie.croque-studio.com\/test-galerie\/gallerie1\/\" data-text=\"oursitudes\">oursitudes<\/a><\/li>\n\t<li id=\"menu-item-189\" class=\"menu-item menu-item-type-post_type menu-item-object-page animate-dropdown menu-item-189\" ><a title=\"f\u00e9linades\" href=\"https:\/\/test-gallerie.croque-studio.com\/test-galerie\/galerie-felinades\/\" data-text=\"f\u00e9linades\">f\u00e9linades<\/a><\/li>\n\t<li id=\"menu-item-195\" class=\"menu-item menu-item-type-custom menu-item-object-custom menu-item-has-children animate-dropdown menu-item-195 depth-1 dropdown-submenu\" ><a title=\"primatitudes\" href=\"https:\/\/test-gallerie.croque-studio.com\/test-galerie\/galerie-primatitudes-afrique\/\" data-text=\"primatitudes\">primatitudes<\/a>\n\t<ul role=\"menu\" class=\" dropdown-menu\">\n\t\t<li id=\"menu-item-190\" class=\"menu-item menu-item-type-post_type menu-item-object-page animate-dropdown menu-item-190\" ><a title=\"africains\" href=\"https:\/\/test-gallerie.croque-studio.com\/test-galerie\/galerie-primatitudes-afrique\/\" data-text=\"africains\">africains<\/a><\/li>\n\t\t<li id=\"menu-item-192\" class=\"menu-item menu-item-type-post_type menu-item-object-page animate-dropdown menu-item-192\" ><a title=\"asiatiques\" href=\"https:\/\/test-gallerie.croque-studio.com\/test-galerie\/galerie-primatitudes-asie\/\" data-text=\"asiatiques\">asiatiques<\/a><\/li>\n\t\t<li id=\"menu-item-193\" class=\"menu-item menu-item-type-post_type menu-item-object-page animate-dropdown menu-item-193\" ><a title=\"japonais\" href=\"https:\/\/test-gallerie.croque-studio.com\/test-galerie\/galerie-primatitudes-japon\/\" data-text=\"japonais\">japonais<\/a><\/li>\n\t\t<li id=\"menu-item-191\" class=\"menu-item menu-item-type-post_type menu-item-object-page animate-dropdown menu-item-191\" ><a title=\"sud-am\u00e9ricains\" href=\"https:\/\/test-gallerie.croque-studio.com\/test-galerie\/galerie-primatitudes-amerique-sud\/\" data-text=\"sud-am\u00e9ricains\">sud-am\u00e9ricains<\/a><\/li>\n\t<\/ul>\n<\/li>\n\t<li id=\"menu-item-855\" class=\"menu-item menu-item-type-post_type menu-item-object-page animate-dropdown menu-item-855\" ><a title=\"Sauvages et innocents\" href=\"https:\/\/test-gallerie.croque-studio.com\/test-galerie\/sauvages-et-innocents\/\" data-text=\"Sauvages et innocents\">Sauvages et innocents<\/a><\/li>\n\t<li id=\"menu-item-854\" class=\"menu-item menu-item-type-post_type menu-item-object-page animate-dropdown menu-item-854\" ><a title=\"Nocturne\" href=\"https:\/\/test-gallerie.croque-studio.com\/test-galerie\/elementor-page-619\/\" data-text=\"Nocturne\">Nocturne<\/a><\/li>\n\t<li id=\"menu-item-853\" class=\"menu-item menu-item-type-post_type menu-item-object-page animate-dropdown menu-item-853\" ><a title=\"Poussiere\" href=\"https:\/\/test-gallerie.croque-studio.com\/test-galerie\/elementor-page-633\/\" data-text=\"Poussiere\">Poussiere<\/a><\/li>\n\t<li id=\"menu-item-852\" class=\"menu-item menu-item-type-post_type menu-item-object-page animate-dropdown menu-item-852\" ><a title=\"Regards\" href=\"https:\/\/test-gallerie.croque-studio.com\/test-galerie\/elementor-page-656\/\" data-text=\"Regards\">Regards<\/a><\/li>\n\t<li id=\"menu-item-851\" class=\"menu-item menu-item-type-post_type menu-item-object-page animate-dropdown menu-item-851\" ><a title=\"Grafic\" href=\"https:\/\/test-gallerie.croque-studio.com\/test-galerie\/grafic\/\" data-text=\"Grafic\">Grafic<\/a><\/li>\n\t<li id=\"menu-item-850\" class=\"menu-item menu-item-type-post_type menu-item-object-page animate-dropdown menu-item-850\" ><a title=\"Tendresse\" href=\"https:\/\/test-gallerie.croque-studio.com\/test-galerie\/tendresse\/\" data-text=\"Tendresse\">Tendresse<\/a><\/li>\n\t<li id=\"menu-item-849\" class=\"menu-item menu-item-type-post_type menu-item-object-page animate-dropdown menu-item-849\" ><a title=\"Tout Pr\u00e8s\" href=\"https:\/\/test-gallerie.croque-studio.com\/test-galerie\/elementor-page-760\/\" data-text=\"Tout Pr\u00e8s\">Tout Pr\u00e8s<\/a><\/li>\n\t<li id=\"menu-item-847\" class=\"menu-item menu-item-type-post_type menu-item-object-page animate-dropdown menu-item-847\" ><a title=\"Femmes\" href=\"https:\/\/test-gallerie.croque-studio.com\/test-galerie\/elementor-page-719\/\" data-text=\"Femmes\">Femmes<\/a><\/li>\n\t<li id=\"menu-item-848\" class=\"menu-item menu-item-type-post_type menu-item-object-page animate-dropdown menu-item-848\" ><a title=\"Vestiges\" href=\"https:\/\/test-gallerie.croque-studio.com\/test-galerie\/elementor-page-799\/\" data-text=\"Vestiges\">Vestiges<\/a><\/li>\n<\/ul>\n<\/li>\n<li id=\"menu-item-1067\" class=\"menu-item menu-item-type-custom menu-item-object-custom menu-item-has-children animate-dropdown menu-item-1067 depth-0 dropdown\" ><a title=\"Livres\" href=\"https:\/\/test-gallerie.croque-studio.com\/test-galerie\/kaktovic\/\" class=\"dropdown-toggle\" aria-haspopup=\"true\" data-text=\"Livres\">Livres<\/a>\n<ul role=\"menu\" class=\" dropdown-menu\">\n\t<li id=\"menu-item-1072\" class=\"menu-item menu-item-type-post_type menu-item-object-page animate-dropdown menu-item-1072\" ><a title=\"Kaktovic\" href=\"https:\/\/test-gallerie.croque-studio.com\/test-galerie\/elementor-889\/\" data-text=\"Kaktovic\">Kaktovic<\/a><\/li>\n\t<li id=\"menu-item-1071\" class=\"menu-item menu-item-type-post_type menu-item-object-page animate-dropdown menu-item-1071\" ><a title=\"Primate-itudes\" href=\"https:\/\/test-gallerie.croque-studio.com\/test-galerie\/primate-itudes\/\" data-text=\"Primate-itudes\">Primate-itudes<\/a><\/li>\n\t<li id=\"menu-item-1070\" class=\"menu-item menu-item-type-post_type menu-item-object-page animate-dropdown menu-item-1070\" ><a title=\"Oursitudes\" href=\"https:\/\/test-gallerie.croque-studio.com\/test-galerie\/oursitudes\/\" data-text=\"Oursitudes\">Oursitudes<\/a><\/li>\n\t<li id=\"menu-item-1069\" class=\"menu-item menu-item-type-post_type menu-item-object-page animate-dropdown menu-item-1069\" ><a title=\"Le Cri\" href=\"https:\/\/test-gallerie.croque-studio.com\/test-galerie\/le-cri\/\" data-text=\"Le Cri\">Le Cri<\/a><\/li>\n\t<li id=\"menu-item-1068\" class=\"menu-item menu-item-type-post_type menu-item-object-page animate-dropdown menu-item-1068\" ><a title=\"Zig Zag\" href=\"https:\/\/test-gallerie.croque-studio.com\/test-galerie\/zig-zag\/\" data-text=\"Zig Zag\">Zig Zag<\/a><\/li>\n\t<li id=\"menu-item-1076\" class=\"menu-item menu-item-type-post_type menu-item-object-page animate-dropdown menu-item-1076\" ><a title=\"Catalogue\" href=\"https:\/\/test-gallerie.croque-studio.com\/test-galerie\/elementor-page-1055\/\" data-text=\"Catalogue\">Catalogue<\/a><\/li>\n<\/ul>\n<\/li>\n<li id=\"menu-item-1172\" class=\"menu-item menu-item-type-post_type menu-item-object-page menu-item-has-children animate-dropdown menu-item-1172 depth-0 dropdown\" ><a title=\"Sabine Trensz\" href=\"https:\/\/test-gallerie.croque-studio.com\/test-galerie\/sabine-trensz\/\" class=\"dropdown-toggle\" aria-haspopup=\"true\" data-text=\"Sabine Trensz\">Sabine Trensz<\/a>\n<ul role=\"menu\" class=\" dropdown-menu\">\n\t<li id=\"menu-item-1171\" class=\"menu-item menu-item-type-post_type menu-item-object-page animate-dropdown menu-item-1171\" ><a title=\"Revue de presse\" href=\"https:\/\/test-gallerie.croque-studio.com\/test-galerie\/revue-de-presse\/\" data-text=\"Revue de presse\">Revue de presse<\/a><\/li>\n\t<li id=\"menu-item-1170\" class=\"menu-item menu-item-type-post_type menu-item-object-page animate-dropdown menu-item-1170\" ><a title=\"Livre d\u2019or\" href=\"https:\/\/test-gallerie.croque-studio.com\/test-galerie\/elementor-page-1107\/\" data-text=\"Livre d\u2019or\">Livre d\u2019or<\/a><\/li>\n\t<li id=\"menu-item-1169\" class=\"menu-item menu-item-type-post_type menu-item-object-page animate-dropdown menu-item-1169\" ><a title=\"Interventions\" href=\"https:\/\/test-gallerie.croque-studio.com\/test-galerie\/interventions\/\" data-text=\"Interventions\">Interventions<\/a><\/li>\n<\/ul>\n<\/li>\n<li id=\"menu-item-1174\" class=\"menu-item menu-item-type-post_type menu-item-object-page animate-dropdown menu-item-1174\" ><a title=\"M\u00e9dias\" href=\"https:\/\/test-gallerie.croque-studio.com\/test-galerie\/presse\/\" data-text=\"M\u00e9dias\">M\u00e9dias<\/a><\/li>\n<li id=\"menu-item-1173\" class=\"menu-item menu-item-type-post_type menu-item-object-page animate-dropdown menu-item-1173\" ><a title=\"Contactez-moi\" href=\"https:\/\/test-gallerie.croque-studio.com\/test-galerie\/elementor-page-1145\/\" data-text=\"Contactez-moi\">Contactez-moi<\/a><\/li>\n<\/ul><\/div>\t\t\t\t\t<\/div>\n\t\t\t\t<\/div>\n\n\t\t\t\t\t\t\t\t\n\t\t\t\t\t<div class=\"plus-mobile-nav-toggle navbar-header mobile-toggle\">\n\t\t\t\t\t\t<div class=\"mobile-plus-toggle-menu plus-collapsed toggle-style-1\" data-target=\"#plus-mobile-nav-toggle-nav-menu69e39564ab893\">\n\t\t\t\t\t\t\t\t\t\t\t\t\t\t<ul class=\"toggle-lines\">\n\t\t\t\t\t\t\t\t<li class=\"toggle-line\"><\/li>\n\t\t\t\t\t\t\t\t<li class=\"toggle-line\"><\/li>\n\t\t\t\t\t\t\t<\/ul>\n\t\t\t\t\t\t\t\t\t\t\t\t\t<\/div>\n\t\t\t\t\t<\/div>\n\t\t\t\t\n\t\t\t\t\t<div id=\"plus-mobile-nav-toggle-nav-menu69e39564ab893\"\n\t\t\t\t\t\tclass=\"plus-mobile-menu  collapse navbar-collapse navbar-ex1-collapse plus-mobile-menu-content \">\n\t\t\t\t\t\t\t\t\t\t\t\t\t\t\t\t\t<\/div>\n\t\t\t\t\t\t\t\t\n\t\t\t<\/div>\n\t\t<\/div>\n\t\t \n\t\t<style>@media (min-width:992px){.plus-navigation-wrap.nav-menu69e39564ab893 #theplus-navigation-normal-menu{display: block!important;}.plus-navigation-wrap.nav-menu69e39564ab893 #plus-mobile-nav-toggle-nav-menu69e39564ab893.collapse.in{display:none;}}@media (max-width:991px){.plus-navigation-wrap.nav-menu69e39564ab893 #theplus-navigation-normal-menu{display:none !important;}.plus-navigation-wrap.nav-menu69e39564ab893 .plus-mobile-nav-toggle.mobile-toggle{display: -webkit-flex;display: -moz-flex;display: -ms-flex;display: flex;-webkit-align-items: center;-moz-align-items: center;-ms-align-items: center;align-items: center;-webkit-justify-content: flex-end;-moz-justify-content: flex-end;-ms-justify-content: flex-end;justify-content: flex-end;}}<\/style>\t\t\t\t<\/div>\n\t\t\t\t<\/div>\n\t\t<div class=\"elementor-element elementor-element-3ac3654b e-con-full e-flex e-con e-child\" data-id=\"3ac3654b\" data-element_type=\"container\">\n\t\t<div class=\"elementor-element elementor-element-46086543 e-con-full e-flex e-con e-child\" data-id=\"46086543\" data-element_type=\"container\">\n\t\t\t\t<div class=\"elementor-element elementor-element-ba7de47 elementor-widget elementor-widget-heading\" data-id=\"ba7de47\" data-element_type=\"widget\" data-widget_type=\"heading.default\">\n\t\t\t\t\t<h2 class=\"elementor-heading-title elementor-size-default\">Contactez-moi\n<\/h2>\t\t\t\t<\/div>\n\t\t\t\t<div class=\"elementor-element elementor-element-be31722 elementor-widget elementor-widget-heading\" data-id=\"be31722\" data-element_type=\"widget\" data-widget_type=\"heading.default\">\n\t\t\t\t\t<h2 class=\"elementor-heading-title elementor-size-default\">Laissez-moi un message, je ne tarderai pas \u00e0 vous r\u00e9pondre.<\/h2>\t\t\t\t<\/div>\n\t\t\t\t<div class=\"elementor-element elementor-element-0809cce elementor-widget__width-inherit elementor-button-align-stretch elementor-widget elementor-widget-form\" data-id=\"0809cce\" data-element_type=\"widget\" data-settings=\"{&quot;step_next_label&quot;:&quot;Next&quot;,&quot;step_previous_label&quot;:&quot;Previous&quot;,&quot;button_width&quot;:&quot;100&quot;,&quot;step_type&quot;:&quot;number_text&quot;,&quot;step_icon_shape&quot;:&quot;circle&quot;}\" data-widget_type=\"form.default\">\n\t\t\t\t\t\t\t<form class=\"elementor-form\" method=\"post\" name=\"New Form\" aria-label=\"New Form\">\n\t\t\t<input type=\"hidden\" name=\"post_id\" value=\"1145\"\/>\n\t\t\t<input type=\"hidden\" name=\"form_id\" value=\"0809cce\"\/>\n\t\t\t<input type=\"hidden\" name=\"referer_title\" value=\"Contactez-moi\" \/>\n\n\t\t\t\t\t\t\t<input type=\"hidden\" name=\"queried_id\" value=\"1145\"\/>\n\t\t\t\n\t\t\t<div class=\"elementor-form-fields-wrapper elementor-labels-above\">\n\t\t\t\t\t\t\t\t<div class=\"elementor-field-type-text elementor-field-group elementor-column elementor-field-group-name elementor-col-100 elementor-field-required elementor-mark-required\">\n\t\t\t\t\t\t\t\t\t\t\t\t<label for=\"form-field-name\" class=\"elementor-field-label\">\n\t\t\t\t\t\t\t\tVotre nom\t\t\t\t\t\t\t<\/label>\n\t\t\t\t\t\t\t\t\t\t\t\t\t\t<input size=\"1\" type=\"text\" name=\"form_fields[name]\" id=\"form-field-name\" class=\"elementor-field elementor-size-sm  elementor-field-textual\" required=\"required\">\n\t\t\t\t\t\t\t\t\t\t\t<\/div>\n\t\t\t\t\t\t\t\t<div class=\"elementor-field-type-email elementor-field-group elementor-column elementor-field-group-email elementor-col-100 elementor-field-required elementor-mark-required\">\n\t\t\t\t\t\t\t\t\t\t\t\t<label for=\"form-field-email\" class=\"elementor-field-label\">\n\t\t\t\t\t\t\t\tVotre email\t\t\t\t\t\t\t<\/label>\n\t\t\t\t\t\t\t\t\t\t\t\t\t\t<input size=\"1\" type=\"email\" name=\"form_fields[email]\" id=\"form-field-email\" class=\"elementor-field elementor-size-sm  elementor-field-textual\" required=\"required\">\n\t\t\t\t\t\t\t\t\t\t\t<\/div>\n\t\t\t\t\t\t\t\t<div class=\"elementor-field-type-select elementor-field-group elementor-column elementor-field-group-id_sujet elementor-col-100 elementor-field-required elementor-mark-required\">\n\t\t\t\t\t\t\t\t\t\t\t\t<label for=\"form-field-id_sujet\" class=\"elementor-field-label\">\n\t\t\t\t\t\t\t\tSujet\t\t\t\t\t\t\t<\/label>\n\t\t\t\t\t\t\t\t<div class=\"elementor-field elementor-select-wrapper remove-before \">\n\t\t\t<div class=\"select-caret-down-wrapper\">\n\t\t\t\t<svg aria-hidden=\"true\" class=\"e-font-icon-svg e-eicon-caret-down\" viewBox=\"0 0 571.4 571.4\" xmlns=\"http:\/\/www.w3.org\/2000\/svg\"><path d=\"M571 393Q571 407 561 418L311 668Q300 679 286 679T261 668L11 418Q0 407 0 393T11 368 36 357H536Q550 357 561 368T571 393Z\"><\/path><\/svg>\t\t\t<\/div>\n\t\t\t<select name=\"form_fields[id_sujet]\" id=\"form-field-id_sujet\" class=\"elementor-field-textual elementor-size-sm\" required=\"required\">\n\t\t\t\t\t\t\t\t\t<option value=\"Envoyer un message\">Envoyer un message<\/option>\n\t\t\t\t\t\t\t\t\t<option value=\"Commander un livre\">Commander un livre<\/option>\n\t\t\t\t\t\t\t<\/select>\n\t\t<\/div>\n\t\t\t\t\t\t<\/div>\n\t\t\t\t\t\t\t\t<div class=\"elementor-field-type-checkbox elementor-field-group elementor-column elementor-field-group-id_livres elementor-col-100\">\n\t\t\t\t\t\t\t\t\t\t\t\t<label for=\"form-field-id_livres\" class=\"elementor-field-label\">\n\t\t\t\t\t\t\t\tLivre(s)\t\t\t\t\t\t\t<\/label>\n\t\t\t\t\t\t<div class=\"elementor-field-subgroup  \"><span class=\"elementor-field-option\"><input type=\"checkbox\" value=\"Kaktovic\" id=\"form-field-id_livres-0\" name=\"form_fields[id_livres][]\"> <label for=\"form-field-id_livres-0\">Kaktovic<\/label><\/span><span class=\"elementor-field-option\"><input type=\"checkbox\" value=\"Primate-itudes\" id=\"form-field-id_livres-1\" name=\"form_fields[id_livres][]\"> <label for=\"form-field-id_livres-1\">Primate-itudes<\/label><\/span><span class=\"elementor-field-option\"><input type=\"checkbox\" value=\"Oursitudes\" id=\"form-field-id_livres-2\" name=\"form_fields[id_livres][]\"> <label for=\"form-field-id_livres-2\">Oursitudes<\/label><\/span><span class=\"elementor-field-option\"><input type=\"checkbox\" value=\"Le Cri\" id=\"form-field-id_livres-3\" name=\"form_fields[id_livres][]\"> <label for=\"form-field-id_livres-3\">Le Cri<\/label><\/span><span class=\"elementor-field-option\"><input type=\"checkbox\" value=\"Zig Zag\" id=\"form-field-id_livres-4\" name=\"form_fields[id_livres][]\"> <label for=\"form-field-id_livres-4\">Zig Zag<\/label><\/span><\/div>\t\t\t\t<\/div>\n\t\t\t\t\t\t\t\t<div class=\"elementor-field-type-textarea elementor-field-group elementor-column elementor-field-group-message elementor-col-100 elementor-field-required elementor-mark-required\">\n\t\t\t\t\t\t\t\t\t\t\t\t<label for=\"form-field-message\" class=\"elementor-field-label\">\n\t\t\t\t\t\t\t\tVotre message\t\t\t\t\t\t\t<\/label>\n\t\t\t\t\t\t<textarea class=\"elementor-field-textual elementor-field  elementor-size-sm\" name=\"form_fields[message]\" id=\"form-field-message\" rows=\"4\" required=\"required\"><\/textarea>\t\t\t\t<\/div>\n\t\t\t\t\t\t\t\t<div class=\"elementor-field-group elementor-column elementor-field-type-submit elementor-col-100 e-form__buttons\">\n\t\t\t\t\t<button class=\"elementor-button elementor-size-sm\" type=\"submit\">\n\t\t\t\t\t\t<span class=\"elementor-button-content-wrapper\">\n\t\t\t\t\t\t\t\t\t\t\t\t\t\t\t\t\t\t\t\t\t\t<span class=\"elementor-button-text\">Envoyer mon message<\/span>\n\t\t\t\t\t\t\t\t\t\t\t\t\t<\/span>\n\t\t\t\t\t<\/button>\n\t\t\t\t<\/div>\n\t\t\t<\/div>\n\t\t<\/form>\n\t\t\t\t\t\t<\/div>\n\t\t\t\t<\/div>\n\t\t\t\t<\/div>\n\t\t\t\t\t<\/div>\n\t\t\t\t<\/div>\n\t\t\t\t<\/div>\n\t\t","protected":false},"excerpt":{"rendered":"<p>Bienvenue Mes images oursitudes f\u00e9linades primatitudes africains asiatiques japonais sud-am\u00e9ricains Sauvages et innocents Nocturne Poussiere Regards Grafic Tendresse Tout Pr\u00e8s Femmes Vestiges Livres Kaktovic Primate-itudes Oursitudes Le Cri Zig Zag Catalogue Sabine Trensz Revue de presse Livre d\u2019or Interventions M\u00e9dias Contactez-moi Contactez-moi Laissez-moi un message, je ne tarderai pas \u00e0 vous r\u00e9pondre.<\/p>\n","protected":false},"author":1,"featured_media":0,"parent":0,"menu_order":0,"comment_status":"closed","ping_status":"closed","template":"elementor_header_footer","meta":{"footnotes":""},"class_list":["post-1145","page","type-page","status-publish","hentry"],"_links":{"self":[{"href":"https:\/\/test-gallerie.croque-studio.com\/test-galerie\/wp-json\/wp\/v2\/pages\/1145","targetHints":{"allow":["GET"]}}],"collection":[{"href":"https:\/\/test-gallerie.croque-studio.com\/test-galerie\/wp-json\/wp\/v2\/pages"}],"about":[{"href":"https:\/\/test-gallerie.croque-studio.com\/test-galerie\/wp-json\/wp\/v2\/types\/page"}],"author":[{"embeddable":true,"href":"https:\/\/test-gallerie.croque-studio.com\/test-galerie\/wp-json\/wp\/v2\/users\/1"}],"replies":[{"embeddable":true,"href":"https:\/\/test-gallerie.croque-studio.com\/test-galerie\/wp-json\/wp\/v2\/comments?post=1145"}],"version-history":[{"count":46,"href":"https:\/\/test-gallerie.croque-studio.com\/test-galerie\/wp-json\/wp\/v2\/pages\/1145\/revisions"}],"predecessor-version":[{"id":1509,"href":"https:\/\/test-gallerie.croque-studio.com\/test-galerie\/wp-json\/wp\/v2\/pages\/1145\/revisions\/1509"}],"wp:attachment":[{"href":"https:\/\/test-gallerie.croque-studio.com\/test-galerie\/wp-json\/wp\/v2\/media?parent=1145"}],"curies":[{"name":"wp","href":"https:\/\/api.w.org\/{rel}","templated":true}]}}