{"id":1112,"date":"2025-11-25T13:40:34","date_gmt":"2025-11-25T13:40:34","guid":{"rendered":"https:\/\/test-gallerie.croque-studio.com\/test-galerie\/?page_id=1112"},"modified":"2026-01-27T15:16:31","modified_gmt":"2026-01-27T15:16:31","slug":"interventions","status":"publish","type":"page","link":"https:\/\/test-gallerie.croque-studio.com\/test-galerie\/interventions\/","title":{"rendered":"Interventions"},"content":{"rendered":"\t\t<div data-elementor-type=\"wp-page\" data-elementor-id=\"1112\" class=\"elementor elementor-1112\" data-elementor-post-type=\"page\">\n\t\t\t\t<div class=\"elementor-element elementor-element-4a39951c e-flex e-con-boxed e-con e-parent\" data-id=\"4a39951c\" data-element_type=\"container\">\n\t\t\t\t\t<div class=\"e-con-inner\">\n\t\t<div class=\"elementor-element elementor-element-fc48f97 e-con-full e-flex e-con e-child\" data-id=\"fc48f97\" data-element_type=\"container\">\n\t\t\t\t<div class=\"elementor-element elementor-element-41a12c7f elementor-widget elementor-widget-tp-navigation-menu-lite\" data-id=\"41a12c7f\" data-element_type=\"widget\" data-widget_type=\"tp-navigation-menu-lite.default\">\n\t\t\t\t\t\n\t\t<div class=\"plus-navigation-wrap text-left nav-menu69e3958317834\">\n\t\t\t<div class=\"plus-navigation-inner menu-click main-menu-indicator-style-1 sub-menu-indicator-style-1 \"  data-menu_transition=\"style-1\">\n\t\t\t\t<div id=\"theplus-navigation-normal-menu\" class=\"collapse navbar-collapse navbar-ex1-collapse\">\n\t\n\t\t\t\t\t<div class=\"plus-navigation-menu menu-vertical\">\n\t\t\t\t\t\t\n\t\t\t\t\t\t<div class=\"plus-navigation-menu menu-vertical\"><ul id=\"menu-menu\" class=\"nav navbar-nav yamm menu-hover-none\"><li id=\"menu-item-188\" class=\"menu-item menu-item-type-custom menu-item-object-custom menu-item-home animate-dropdown menu-item-188\" ><a title=\"Bienvenue\" href=\"https:\/\/test-gallerie.croque-studio.com\/test-galerie\/\" data-text=\"Bienvenue\">Bienvenue<\/a><\/li>\n<li id=\"menu-item-196\" class=\"menu-item menu-item-type-custom menu-item-object-custom menu-item-home menu-item-has-children animate-dropdown menu-item-196 depth-0 dropdown\" ><a title=\"Mes images\" href=\"https:\/\/test-gallerie.croque-studio.com\/test-galerie\/\" class=\"dropdown-toggle\" aria-haspopup=\"true\" data-text=\"Mes images\">Mes images<\/a>\n<ul role=\"menu\" class=\" dropdown-menu\">\n\t<li id=\"menu-item-194\" class=\"menu-item menu-item-type-post_type menu-item-object-page animate-dropdown menu-item-194\" ><a title=\"oursitudes\" href=\"https:\/\/test-gallerie.croque-studio.com\/test-galerie\/gallerie1\/\" data-text=\"oursitudes\">oursitudes<\/a><\/li>\n\t<li id=\"menu-item-189\" class=\"menu-item menu-item-type-post_type menu-item-object-page animate-dropdown menu-item-189\" ><a title=\"f\u00e9linades\" href=\"https:\/\/test-gallerie.croque-studio.com\/test-galerie\/galerie-felinades\/\" data-text=\"f\u00e9linades\">f\u00e9linades<\/a><\/li>\n\t<li id=\"menu-item-195\" class=\"menu-item menu-item-type-custom menu-item-object-custom menu-item-has-children animate-dropdown menu-item-195 depth-1 dropdown-submenu\" ><a title=\"primatitudes\" href=\"https:\/\/test-gallerie.croque-studio.com\/test-galerie\/galerie-primatitudes-afrique\/\" data-text=\"primatitudes\">primatitudes<\/a>\n\t<ul role=\"menu\" class=\" dropdown-menu\">\n\t\t<li id=\"menu-item-190\" class=\"menu-item menu-item-type-post_type menu-item-object-page animate-dropdown menu-item-190\" ><a title=\"africains\" href=\"https:\/\/test-gallerie.croque-studio.com\/test-galerie\/galerie-primatitudes-afrique\/\" data-text=\"africains\">africains<\/a><\/li>\n\t\t<li id=\"menu-item-192\" class=\"menu-item menu-item-type-post_type menu-item-object-page animate-dropdown menu-item-192\" ><a title=\"asiatiques\" href=\"https:\/\/test-gallerie.croque-studio.com\/test-galerie\/galerie-primatitudes-asie\/\" data-text=\"asiatiques\">asiatiques<\/a><\/li>\n\t\t<li id=\"menu-item-193\" class=\"menu-item menu-item-type-post_type menu-item-object-page animate-dropdown menu-item-193\" ><a title=\"japonais\" href=\"https:\/\/test-gallerie.croque-studio.com\/test-galerie\/galerie-primatitudes-japon\/\" data-text=\"japonais\">japonais<\/a><\/li>\n\t\t<li id=\"menu-item-191\" class=\"menu-item menu-item-type-post_type menu-item-object-page animate-dropdown menu-item-191\" ><a title=\"sud-am\u00e9ricains\" href=\"https:\/\/test-gallerie.croque-studio.com\/test-galerie\/galerie-primatitudes-amerique-sud\/\" data-text=\"sud-am\u00e9ricains\">sud-am\u00e9ricains<\/a><\/li>\n\t<\/ul>\n<\/li>\n\t<li id=\"menu-item-855\" class=\"menu-item menu-item-type-post_type menu-item-object-page animate-dropdown menu-item-855\" ><a title=\"Sauvages et innocents\" href=\"https:\/\/test-gallerie.croque-studio.com\/test-galerie\/sauvages-et-innocents\/\" data-text=\"Sauvages et innocents\">Sauvages et innocents<\/a><\/li>\n\t<li id=\"menu-item-854\" class=\"menu-item menu-item-type-post_type menu-item-object-page animate-dropdown menu-item-854\" ><a title=\"Nocturne\" href=\"https:\/\/test-gallerie.croque-studio.com\/test-galerie\/elementor-page-619\/\" data-text=\"Nocturne\">Nocturne<\/a><\/li>\n\t<li id=\"menu-item-853\" class=\"menu-item menu-item-type-post_type menu-item-object-page animate-dropdown menu-item-853\" ><a title=\"Poussiere\" href=\"https:\/\/test-gallerie.croque-studio.com\/test-galerie\/elementor-page-633\/\" data-text=\"Poussiere\">Poussiere<\/a><\/li>\n\t<li id=\"menu-item-852\" class=\"menu-item menu-item-type-post_type menu-item-object-page animate-dropdown menu-item-852\" ><a title=\"Regards\" href=\"https:\/\/test-gallerie.croque-studio.com\/test-galerie\/elementor-page-656\/\" data-text=\"Regards\">Regards<\/a><\/li>\n\t<li id=\"menu-item-851\" class=\"menu-item menu-item-type-post_type menu-item-object-page animate-dropdown menu-item-851\" ><a title=\"Grafic\" href=\"https:\/\/test-gallerie.croque-studio.com\/test-galerie\/grafic\/\" data-text=\"Grafic\">Grafic<\/a><\/li>\n\t<li id=\"menu-item-850\" class=\"menu-item menu-item-type-post_type menu-item-object-page animate-dropdown menu-item-850\" ><a title=\"Tendresse\" href=\"https:\/\/test-gallerie.croque-studio.com\/test-galerie\/tendresse\/\" data-text=\"Tendresse\">Tendresse<\/a><\/li>\n\t<li id=\"menu-item-849\" class=\"menu-item menu-item-type-post_type menu-item-object-page animate-dropdown menu-item-849\" ><a title=\"Tout Pr\u00e8s\" href=\"https:\/\/test-gallerie.croque-studio.com\/test-galerie\/elementor-page-760\/\" data-text=\"Tout Pr\u00e8s\">Tout Pr\u00e8s<\/a><\/li>\n\t<li id=\"menu-item-847\" class=\"menu-item menu-item-type-post_type menu-item-object-page animate-dropdown menu-item-847\" ><a title=\"Femmes\" href=\"https:\/\/test-gallerie.croque-studio.com\/test-galerie\/elementor-page-719\/\" data-text=\"Femmes\">Femmes<\/a><\/li>\n\t<li id=\"menu-item-848\" class=\"menu-item menu-item-type-post_type menu-item-object-page animate-dropdown menu-item-848\" ><a title=\"Vestiges\" href=\"https:\/\/test-gallerie.croque-studio.com\/test-galerie\/elementor-page-799\/\" data-text=\"Vestiges\">Vestiges<\/a><\/li>\n<\/ul>\n<\/li>\n<li id=\"menu-item-1067\" class=\"menu-item menu-item-type-custom menu-item-object-custom menu-item-has-children animate-dropdown menu-item-1067 depth-0 dropdown\" ><a title=\"Livres\" href=\"https:\/\/test-gallerie.croque-studio.com\/test-galerie\/kaktovic\/\" class=\"dropdown-toggle\" aria-haspopup=\"true\" data-text=\"Livres\">Livres<\/a>\n<ul role=\"menu\" class=\" dropdown-menu\">\n\t<li id=\"menu-item-1072\" class=\"menu-item menu-item-type-post_type menu-item-object-page animate-dropdown menu-item-1072\" ><a title=\"Kaktovic\" href=\"https:\/\/test-gallerie.croque-studio.com\/test-galerie\/elementor-889\/\" data-text=\"Kaktovic\">Kaktovic<\/a><\/li>\n\t<li id=\"menu-item-1071\" class=\"menu-item menu-item-type-post_type menu-item-object-page animate-dropdown menu-item-1071\" ><a title=\"Primate-itudes\" href=\"https:\/\/test-gallerie.croque-studio.com\/test-galerie\/primate-itudes\/\" data-text=\"Primate-itudes\">Primate-itudes<\/a><\/li>\n\t<li id=\"menu-item-1070\" class=\"menu-item menu-item-type-post_type menu-item-object-page animate-dropdown menu-item-1070\" ><a title=\"Oursitudes\" href=\"https:\/\/test-gallerie.croque-studio.com\/test-galerie\/oursitudes\/\" data-text=\"Oursitudes\">Oursitudes<\/a><\/li>\n\t<li id=\"menu-item-1069\" class=\"menu-item menu-item-type-post_type menu-item-object-page animate-dropdown menu-item-1069\" ><a title=\"Le Cri\" href=\"https:\/\/test-gallerie.croque-studio.com\/test-galerie\/le-cri\/\" data-text=\"Le Cri\">Le Cri<\/a><\/li>\n\t<li id=\"menu-item-1068\" class=\"menu-item menu-item-type-post_type menu-item-object-page animate-dropdown menu-item-1068\" ><a title=\"Zig Zag\" href=\"https:\/\/test-gallerie.croque-studio.com\/test-galerie\/zig-zag\/\" data-text=\"Zig Zag\">Zig Zag<\/a><\/li>\n\t<li id=\"menu-item-1076\" class=\"menu-item menu-item-type-post_type menu-item-object-page animate-dropdown menu-item-1076\" ><a title=\"Catalogue\" href=\"https:\/\/test-gallerie.croque-studio.com\/test-galerie\/elementor-page-1055\/\" data-text=\"Catalogue\">Catalogue<\/a><\/li>\n<\/ul>\n<\/li>\n<li id=\"menu-item-1172\" class=\"menu-item menu-item-type-post_type menu-item-object-page menu-item-has-children animate-dropdown menu-item-1172 depth-0 dropdown\" ><a title=\"Sabine Trensz\" href=\"https:\/\/test-gallerie.croque-studio.com\/test-galerie\/sabine-trensz\/\" class=\"dropdown-toggle\" aria-haspopup=\"true\" data-text=\"Sabine Trensz\">Sabine Trensz<\/a>\n<ul role=\"menu\" class=\" dropdown-menu\">\n\t<li id=\"menu-item-1171\" class=\"menu-item menu-item-type-post_type menu-item-object-page animate-dropdown menu-item-1171\" ><a title=\"Revue de presse\" href=\"https:\/\/test-gallerie.croque-studio.com\/test-galerie\/revue-de-presse\/\" data-text=\"Revue de presse\">Revue de presse<\/a><\/li>\n\t<li id=\"menu-item-1170\" class=\"menu-item menu-item-type-post_type menu-item-object-page animate-dropdown menu-item-1170\" ><a title=\"Livre d\u2019or\" href=\"https:\/\/test-gallerie.croque-studio.com\/test-galerie\/elementor-page-1107\/\" data-text=\"Livre d\u2019or\">Livre d\u2019or<\/a><\/li>\n\t<li id=\"menu-item-1169\" class=\"menu-item menu-item-type-post_type menu-item-object-page animate-dropdown menu-item-1169\" ><a title=\"Interventions\" href=\"https:\/\/test-gallerie.croque-studio.com\/test-galerie\/interventions\/\" data-text=\"Interventions\">Interventions<\/a><\/li>\n<\/ul>\n<\/li>\n<li id=\"menu-item-1174\" class=\"menu-item menu-item-type-post_type menu-item-object-page animate-dropdown menu-item-1174\" ><a title=\"M\u00e9dias\" href=\"https:\/\/test-gallerie.croque-studio.com\/test-galerie\/presse\/\" data-text=\"M\u00e9dias\">M\u00e9dias<\/a><\/li>\n<li id=\"menu-item-1173\" class=\"menu-item menu-item-type-post_type menu-item-object-page animate-dropdown menu-item-1173\" ><a title=\"Contactez-moi\" href=\"https:\/\/test-gallerie.croque-studio.com\/test-galerie\/elementor-page-1145\/\" data-text=\"Contactez-moi\">Contactez-moi<\/a><\/li>\n<\/ul><\/div>\t\t\t\t\t<\/div>\n\t\t\t\t<\/div>\n\n\t\t\t\t\t\t\t\t\n\t\t\t\t\t<div class=\"plus-mobile-nav-toggle navbar-header mobile-toggle\">\n\t\t\t\t\t\t<div class=\"mobile-plus-toggle-menu plus-collapsed toggle-style-1\" data-target=\"#plus-mobile-nav-toggle-nav-menu69e3958317834\">\n\t\t\t\t\t\t\t\t\t\t\t\t\t\t<ul class=\"toggle-lines\">\n\t\t\t\t\t\t\t\t<li class=\"toggle-line\"><\/li>\n\t\t\t\t\t\t\t\t<li class=\"toggle-line\"><\/li>\n\t\t\t\t\t\t\t<\/ul>\n\t\t\t\t\t\t\t\t\t\t\t\t\t<\/div>\n\t\t\t\t\t<\/div>\n\t\t\t\t\n\t\t\t\t\t<div id=\"plus-mobile-nav-toggle-nav-menu69e3958317834\"\n\t\t\t\t\t\tclass=\"plus-mobile-menu  collapse navbar-collapse navbar-ex1-collapse plus-mobile-menu-content \">\n\t\t\t\t\t\t\t\t\t\t\t\t\t\t\t\t\t<\/div>\n\t\t\t\t\t\t\t\t\n\t\t\t<\/div>\n\t\t<\/div>\n\t\t \n\t\t<style>@media (min-width:992px){.plus-navigation-wrap.nav-menu69e3958317834 #theplus-navigation-normal-menu{display: block!important;}.plus-navigation-wrap.nav-menu69e3958317834 #plus-mobile-nav-toggle-nav-menu69e3958317834.collapse.in{display:none;}}@media (max-width:991px){.plus-navigation-wrap.nav-menu69e3958317834 #theplus-navigation-normal-menu{display:none !important;}.plus-navigation-wrap.nav-menu69e3958317834 .plus-mobile-nav-toggle.mobile-toggle{display: -webkit-flex;display: -moz-flex;display: -ms-flex;display: flex;-webkit-align-items: center;-moz-align-items: center;-ms-align-items: center;align-items: center;-webkit-justify-content: flex-end;-moz-justify-content: flex-end;-ms-justify-content: flex-end;justify-content: flex-end;}}<\/style>\t\t\t\t<\/div>\n\t\t\t\t<\/div>\n\t\t<div class=\"elementor-element elementor-element-71808b7e e-con-full e-flex e-con e-child\" data-id=\"71808b7e\" data-element_type=\"container\">\n\t\t<div class=\"elementor-element elementor-element-1ba3a258 e-con-full e-flex e-con e-child\" data-id=\"1ba3a258\" data-element_type=\"container\">\n\t\t\t\t<div class=\"elementor-element elementor-element-4fc5274 elementor-widget elementor-widget-heading\" data-id=\"4fc5274\" data-element_type=\"widget\" data-widget_type=\"heading.default\">\n\t\t\t\t\t<h2 class=\"elementor-heading-title elementor-size-default\">Expos \u2013 Festivals \u2013 Galeries - Palmares\n<\/h2>\t\t\t\t<\/div>\n\t\t\t\t<div class=\"elementor-element elementor-element-bb8a472 elementor-widget elementor-widget-text-editor\" data-id=\"bb8a472\" data-element_type=\"widget\" data-widget_type=\"text-editor.default\">\n\t\t\t\t\t\t\t\t\t<ul><li>P\u00f4le International de la Pr\u00e9histoire \u2013 Montignac\/grottes de Lascaux<\/li><li>Mus\u00e9um d\u2019Histoire Naturelle Paris<\/li><li>International Afro Roots Festival W\u00fcrzburg\u00a0\/Allemagne<\/li><li>Alliance Fran\u00e7aise \u2013 Windhoek\/ Namibie<\/li><li>Native and Indigenous Film Festival \u2013 Brno\/R\u00e9publique Tch\u00e8que<\/li><li>United World of Indigenous People Festival Ekofilm \u2013Prague\/Slovaquie<\/li><li>Festival Cin\u00e9ma V\u00e9rit\u00e9 \u2013 Paris<\/li><li>Spectacle Eric Bouvron \u201cLa Mission de Victor Mulot\u201d \u2013 Groenland<\/li><li>Th\u00e9atre Foirail \u2013 Chemill\u00e9<\/li><li>\u00ab\u00a0Ils \u00e9taient une fois les Bushmen\u00a0\u00bb L\u2019Illiade \u2013 Strasbourg Illkirch<\/li><li>S\u00e9lection aux Rendez-vous de l\u2019image 2012\u00a0(<b>\u00a0<\/b>RDVI ) \u2013 Strasbourg<\/li><li>Imagin\u2019Air \u2013 Maison de l\u2019Arch\u00e9ologie Vosges du Nord \u2013 Niederbronn<\/li><li>Ateliers des enfants \u00ab\u00a0quand l\u2019Afrique et les animaux parlent\u00a0\u00bb Rouen<\/li><li>Ateliers des enfants \u00ab\u00a0r\u00e9alit\u00e9s des P\u00f4les et r\u00e9chauffement climatique\u00a0\u00bb Rouen<\/li><li>Rencontres photographiques des 3 Pays \u2013 Huningue<\/li><li>Conseill\u00e8re technique photos sur le navire de croisi\u00e8re\/exp\u00e9ditions \u00ab\u00a0L\u2019Eclipse\u00a0\u00bb &#8211; Galapagos<\/li><li>Rendez-vous de l&#8217;image 2013 (RDVI)-<b>\u00a0PRIX du PUBLIC<\/b><\/li><li>Rendez-vous de l&#8217;image 2014 &#8211; LE CRI<\/li><li>Escale \u00e0 S\u00e8te 2014 -conf\u00e9rences<\/li><li>Festival &#8220;Coeur de France&#8221;<\/li><li>Salle Blanche &#8211; librairie Kleber- strasbourg<\/li><li>Conseil de l&#8217;Europe<\/li><li>CIARUS Strasbourg<\/li><li>Cour des Boecklin &#8211; Bischheim<\/li><li>Salon des Beaux Arts &#8211; Carrousel du Louvre &#8211; PARIS<\/li><li>Festival International de la photo animali\u00e8re et nature MONTIERS en DER<\/li><li>Hotel de la Monnaie MOLSHEIM<\/li><li>Odyssea\u00a0 St JEAN de MONTS \u2013 VENDEE<\/li><li>Salon de Photographie\u00a0 \u2013 AUBETTE \u2013 STRASBOURG<\/li><\/ul>\t\t\t\t\t\t\t\t<\/div>\n\t\t\t\t<\/div>\n\t\t\t\t<\/div>\n\t\t\t\t\t<\/div>\n\t\t\t\t<\/div>\n\t\t\t\t<\/div>\n\t\t","protected":false},"excerpt":{"rendered":"<p>Bienvenue Mes images oursitudes f\u00e9linades primatitudes africains asiatiques japonais sud-am\u00e9ricains Sauvages et innocents Nocturne Poussiere Regards Grafic Tendresse Tout Pr\u00e8s Femmes Vestiges Livres Kaktovic Primate-itudes Oursitudes Le Cri Zig Zag Catalogue Sabine Trensz Revue de presse Livre d\u2019or Interventions M\u00e9dias Contactez-moi Expos \u2013 Festivals \u2013 Galeries &#8211; Palmares P\u00f4le International de la Pr\u00e9histoire \u2013 Montignac\/grottes [&hellip;]<\/p>\n","protected":false},"author":1,"featured_media":0,"parent":0,"menu_order":0,"comment_status":"closed","ping_status":"closed","template":"elementor_header_footer","meta":{"footnotes":""},"class_list":["post-1112","page","type-page","status-publish","hentry"],"_links":{"self":[{"href":"https:\/\/test-gallerie.croque-studio.com\/test-galerie\/wp-json\/wp\/v2\/pages\/1112","targetHints":{"allow":["GET"]}}],"collection":[{"href":"https:\/\/test-gallerie.croque-studio.com\/test-galerie\/wp-json\/wp\/v2\/pages"}],"about":[{"href":"https:\/\/test-gallerie.croque-studio.com\/test-galerie\/wp-json\/wp\/v2\/types\/page"}],"author":[{"embeddable":true,"href":"https:\/\/test-gallerie.croque-studio.com\/test-galerie\/wp-json\/wp\/v2\/users\/1"}],"replies":[{"embeddable":true,"href":"https:\/\/test-gallerie.croque-studio.com\/test-galerie\/wp-json\/wp\/v2\/comments?post=1112"}],"version-history":[{"count":10,"href":"https:\/\/test-gallerie.croque-studio.com\/test-galerie\/wp-json\/wp\/v2\/pages\/1112\/revisions"}],"predecessor-version":[{"id":1536,"href":"https:\/\/test-gallerie.croque-studio.com\/test-galerie\/wp-json\/wp\/v2\/pages\/1112\/revisions\/1536"}],"wp:attachment":[{"href":"https:\/\/test-gallerie.croque-studio.com\/test-galerie\/wp-json\/wp\/v2\/media?parent=1112"}],"curies":[{"name":"wp","href":"https:\/\/api.w.org\/{rel}","templated":true}]}}